{"id":130,"date":"2026-02-02T19:42:13","date_gmt":"2026-02-02T19:42:13","guid":{"rendered":"https:\/\/rd-visoko.si\/?page_id=130"},"modified":"2026-03-08T07:57:20","modified_gmt":"2026-03-08T07:57:20","slug":"revir","status":"publish","type":"page","link":"https:\/\/rd-visoko.si\/index.php\/revir\/","title":{"rendered":"Revir"},"content":{"rendered":"\n<figure class=\"wp-block-image size-large\"><img loading=\"lazy\" decoding=\"async\" width=\"1024\" height=\"549\" src=\"https:\/\/rd-visoko.si\/wp-content\/uploads\/2026\/02\/SLIKA-REVIR-SORA-1024x549.jpg\" alt=\"\" class=\"wp-image-40\" srcset=\"https:\/\/rd-visoko.si\/wp-content\/uploads\/2026\/02\/SLIKA-REVIR-SORA-1024x549.jpg 1024w, https:\/\/rd-visoko.si\/wp-content\/uploads\/2026\/02\/SLIKA-REVIR-SORA-300x161.jpg 300w, https:\/\/rd-visoko.si\/wp-content\/uploads\/2026\/02\/SLIKA-REVIR-SORA-768x412.jpg 768w, https:\/\/rd-visoko.si\/wp-content\/uploads\/2026\/02\/SLIKA-REVIR-SORA.jpg 1033w\" sizes=\"auto, (max-width: 1024px) 100vw, 1024px\" \/><\/figure>\n\n\n\n<div class=\"wp-block-media-text is-stacked-on-mobile\"><figure class=\"wp-block-media-text__media\"><a href=\"https:\/\/rd-visoko.si\/index.php\/sarenka-2\/\"><img loading=\"lazy\" decoding=\"async\" width=\"340\" height=\"141\" src=\"https:\/\/rd-visoko.si\/wp-content\/uploads\/2026\/03\/sarenka.jpg\" alt=\"\u0160arenka\" class=\"wp-image-491 size-full\" srcset=\"https:\/\/rd-visoko.si\/wp-content\/uploads\/2026\/03\/sarenka.jpg 340w, https:\/\/rd-visoko.si\/wp-content\/uploads\/2026\/03\/sarenka-300x124.jpg 300w\" sizes=\"auto, (max-width: 340px) 100vw, 340px\" \/><\/a><\/figure><div class=\"wp-block-media-text__content\">\n<p class=\"has-large-font-size wp-block-paragraph\">\u0160arenka \u2013 Oncorhynchus mykiss<\/p>\n\n\n\n<p class=\"wp-block-paragraph\">\u0160arenka ima glavo in obliko trupa podobno poto\u010dni postrvi. Tudi odrasli samci so s svojo navzgor zasukano spodnjo \u010deljustjo podobni drugim postrvjim samcem. Barva telesa se do neke mere prilagaja barvi okolja, je lahko temnej\u0161a ali zelo svetla. Sicer pa je hrbet temnej\u0161i, sivo do rjavo zelenkast, boki so svetlej\u0161i, trebuh svetlo siv do belkast. Vzdol\u017e pobo\u010dnice poteka od glave do repa rde\u010da proga, ki postane ob drsti \u010dudovito mavri\u010dno obarvana in od tod tudi njeno angle\u0161ko ime rainbow trout, kar pomeni mavri\u010dna postrv. Po vsem trupu in vseh plavutih ima posejane drobne \u010drne pege&#8230;<\/p>\n\n\n\n<p class=\"wp-block-paragraph\"><\/p>\n<\/div><\/div>\n\n\n\n<div class=\"wp-block-media-text is-stacked-on-mobile\"><figure class=\"wp-block-media-text__media\"><a href=\"https:\/\/rd-visoko.si\/index.php\/sulec\/\"><img loading=\"lazy\" decoding=\"async\" width=\"700\" height=\"500\" src=\"https:\/\/rd-visoko.si\/wp-content\/uploads\/2026\/03\/sulec_novice.jpg\" alt=\"\" class=\"wp-image-490 size-full\" srcset=\"https:\/\/rd-visoko.si\/wp-content\/uploads\/2026\/03\/sulec_novice.jpg 700w, https:\/\/rd-visoko.si\/wp-content\/uploads\/2026\/03\/sulec_novice-300x214.jpg 300w\" sizes=\"auto, (max-width: 700px) 100vw, 700px\" \/><\/a><\/figure><div class=\"wp-block-media-text__content\">\n<p class=\"has-large-font-size wp-block-paragraph\">Sulec \u2013 Hucho hucho<\/p>\n\n\n\n<p class=\"wp-block-paragraph\">Sulec je na\u0161a najve\u010dja riba iz dru\u017eine postrvi, trup je izrazito vretenast, glava je velika, gobec je zelo velik z mo\u010dnimi zobmi. Hrbet je sivkasto zelen do sivkasto rjav, boki so svetlej\u0161i z bakreno ble\u0161\u010de\u010dim odtenkom, ki postane \u0161e izrazitej\u0161i pri samcih v \u010dasu drsti in pri starej\u0161ih osebkih. Trebuh je belkast do svetlo srebrno siv. Plavuti so svetle, umazano bele ali sivkaste. Hrbet in boki so posejani z redkimi in nepravilnimi \u010drnimi pegami. Sulec spolno dozori v 4.-5. letu pri velikosti okoli 65-70 cm&#8230;<\/p>\n<\/div><\/div>\n\n\n\n<div class=\"wp-block-media-text is-stacked-on-mobile\"><figure class=\"wp-block-media-text__media\"><a href=\"https:\/\/rd-visoko.si\/index.php\/potocna-postrv-salmo-trutta-m-fario\/\"><img loading=\"lazy\" decoding=\"async\" width=\"1024\" height=\"450\" src=\"https:\/\/rd-visoko.si\/wp-content\/uploads\/2026\/03\/Potocna-postrv-1024x450-1.jpg\" alt=\"\" class=\"wp-image-489 size-full\" srcset=\"https:\/\/rd-visoko.si\/wp-content\/uploads\/2026\/03\/Potocna-postrv-1024x450-1.jpg 1024w, https:\/\/rd-visoko.si\/wp-content\/uploads\/2026\/03\/Potocna-postrv-1024x450-1-300x132.jpg 300w, https:\/\/rd-visoko.si\/wp-content\/uploads\/2026\/03\/Potocna-postrv-1024x450-1-768x338.jpg 768w\" sizes=\"auto, (max-width: 1024px) 100vw, 1024px\" \/><\/a><\/figure><div class=\"wp-block-media-text__content\">\n<p class=\"has-large-font-size wp-block-paragraph\">Poto\u010dna postrv \u2013 Salmo trutta m. fario<\/p>\n\n\n\n<p class=\"wp-block-paragraph\">Poto\u010dna postrv ima vretenast, bo\u010dno rahlo stisnjen trup. Glava je srednje velika, gobec sega nazaj \u010dez zadnji o\u010desni rob, usta so kon\u010dna. Pri spolno zrelih samcih je spodnja \u010deljust kavljasto zakrivljena navzgor. Na ralniku so zobje, prav tako v \u010deljustih, na jeziku in na nebnicah. Hrbet je zelenkast do rjavkast, v\u010dasih skoraj \u010drn, boki so svetlej\u0161i, rumeni do zlato rumeni, trebuh belkast. Po hrbtu ima \u010drne pike, obrobljene s svetlim robom, po bokih pa so pike tudi rde\u010de in obrobljene belo ali svetlo modro&#8230;<\/p>\n\n\n\n<p class=\"wp-block-paragraph\"><\/p>\n<\/div><\/div>\n\n\n\n<div class=\"wp-block-media-text is-stacked-on-mobile\"><figure class=\"wp-block-media-text__media\"><a href=\"https:\/\/rd-visoko.si\/index.php\/lipan-2\/\"><img loading=\"lazy\" decoding=\"async\" width=\"339\" height=\"149\" src=\"https:\/\/rd-visoko.si\/wp-content\/uploads\/2026\/03\/lipan.jpg\" alt=\"\" class=\"wp-image-488 size-full\" srcset=\"https:\/\/rd-visoko.si\/wp-content\/uploads\/2026\/03\/lipan.jpg 339w, https:\/\/rd-visoko.si\/wp-content\/uploads\/2026\/03\/lipan-300x132.jpg 300w\" sizes=\"auto, (max-width: 339px) 100vw, 339px\" \/><\/a><\/figure><div class=\"wp-block-media-text__content\">\n<p class=\"has-large-font-size wp-block-paragraph\">Lipan \u2013 Thymallus thymallus<\/p>\n\n\n\n<p class=\"wp-block-paragraph\">Lipan je za postrvi precej nezna\u010dilna riba. Ima mo\u010dno splo\u0161\u010den trup in izbo\u010den hrbet z zna\u010dilno, mavri\u010dno obarvano, dolgo in visoko hrbtno plavutjo. Glava lipanov je majhna z majhnimi nadstojnimi usti, ki imajo mehke ustnice. Telo je oran\u017eno srebrne barve, pokrito pa je z dokaj velikimi luskami, ki so razporejene v ravnih vrstah. Po sprednjem delu telesa ima lipan razporejene manj\u0161e in manj kontrastne pike. Hrbet teh rib je zelenkasto rjave barve, trebuh pa srebrno rumen.Povpre\u010dno lipani zrasteje med 25 in 35 cm, izjemoma pa lahko dose\u017eejo tudi do 63 cm in 6,7 kg&#8230;.<\/p>\n<\/div><\/div>\n\n\n\n<div class=\"wp-block-media-text is-stacked-on-mobile\"><figure class=\"wp-block-media-text__media\"><a href=\"https:\/\/rd-visoko.si\/index.php\/klen-2\/\"><img loading=\"lazy\" decoding=\"async\" width=\"339\" height=\"149\" src=\"https:\/\/rd-visoko.si\/wp-content\/uploads\/2026\/03\/klen.jpg\" alt=\"\" class=\"wp-image-487 size-full\" srcset=\"https:\/\/rd-visoko.si\/wp-content\/uploads\/2026\/03\/klen.jpg 339w, https:\/\/rd-visoko.si\/wp-content\/uploads\/2026\/03\/klen-300x132.jpg 300w\" sizes=\"auto, (max-width: 339px) 100vw, 339px\" \/><\/a><\/figure><div class=\"wp-block-media-text__content\">\n<p class=\"has-large-font-size wp-block-paragraph\">Klen \u2013 Leuciscus cephalus cephalus<\/p>\n\n\n\n<p class=\"wp-block-paragraph\">Klen ima vretenasto, valjasto telo, pokrito z velikimi, \u010drno obrobljenimi luskami. Glava je plo\u0161\u010data, s \u0161irokim \u010delom in velikimi usti, ki so kon\u010dna in imajo mesnate ustnice. Ustna odprtina sega do zadnje nosnice. Goltni zobje so dvoredni. Klen ima hrbet sivo zelene barve, boki so srebrni do zlato rumeni, trebuh je bel. Hrbtna in repna plavut sta temni, prsni sta temni z rde\u010dkastim odtenkom, trebu\u0161ni in predrepna pa so rde\u010dkaste. Za klena je zna\u010dilna izbo\u010dena predrepna plavut, po kateri se takoj lo\u010di od kleni\u010da. Klen zraste povpre\u010dno 20-40 cm in dose\u017ee starost 7-10 let. <\/p>\n<\/div><\/div>\n","protected":false},"excerpt":{"rendered":"<p>\u0160arenka \u2013 Oncorhynchus mykiss \u0160arenka ima glavo in obliko trupa podobno poto\u010dni postrvi. Tudi odrasli samci so s svojo navzgor zasukano spodnjo \u010deljustjo podobni drugim postrvjim samcem. Barva telesa se [&hellip;]<\/p>\n","protected":false},"author":1,"featured_media":0,"parent":0,"menu_order":0,"comment_status":"closed","ping_status":"closed","template":"","meta":{"_crdt_document":"","site-sidebar-layout":"default","site-content-layout":"","ast-site-content-layout":"default","site-content-style":"default","site-sidebar-style":"default","ast-global-header-display":"","ast-banner-title-visibility":"","ast-main-header-display":"","ast-hfb-above-header-display":"","ast-hfb-below-header-display":"","ast-hfb-mobile-header-display":"","site-post-title":"","ast-breadcrumbs-content":"","ast-featured-img":"","footer-sml-layout":"","ast-disable-related-posts":"","theme-transparent-header-meta":"","adv-header-id-meta":"","stick-header-meta":"","header-above-stick-meta":"","header-main-stick-meta":"","header-below-stick-meta":"","astra-migrate-meta-layouts":"default","ast-page-background-enabled":"default","ast-page-background-meta":{"desktop":{"background-color":"var(--ast-global-color-5)","background-image":"","background-repeat":"repeat","background-position":"center center","background-size":"auto","background-attachment":"scroll","background-type":"","background-media":"","overlay-type":"","overlay-color":"","overlay-opacity":"","overlay-gradient":""},"tablet":{"background-color":"","background-image":"","background-repeat":"repeat","background-position":"center center","background-size":"auto","background-attachment":"scroll","background-type":"","background-media":"","overlay-type":"","overlay-color":"","overlay-opacity":"","overlay-gradient":""},"mobile":{"background-color":"","background-image":"","background-repeat":"repeat","background-position":"center center","background-size":"auto","background-attachment":"scroll","background-type":"","background-media":"","overlay-type":"","overlay-color":"","overlay-opacity":"","overlay-gradient":""}},"ast-content-background-meta":{"desktop":{"background-color":"var(--ast-global-color-4)","background-image":"","background-repeat":"repeat","background-position":"center center","background-size":"auto","background-attachment":"scroll","background-type":"","background-media":"","overlay-type":"","overlay-color":"","overlay-opacity":"","overlay-gradient":""},"tablet":{"background-color":"var(--ast-global-color-4)","background-image":"","background-repeat":"repeat","background-position":"center center","background-size":"auto","background-attachment":"scroll","background-type":"","background-media":"","overlay-type":"","overlay-color":"","overlay-opacity":"","overlay-gradient":""},"mobile":{"background-color":"var(--ast-global-color-4)","background-image":"","background-repeat":"repeat","background-position":"center center","background-size":"auto","background-attachment":"scroll","background-type":"","background-media":"","overlay-type":"","overlay-color":"","overlay-opacity":"","overlay-gradient":""}},"_kadence_starter_templates_imported_post":false,"_mc_calendar":[],"footnotes":""},"class_list":["post-130","page","type-page","status-publish","hentry"],"_links":{"self":[{"href":"https:\/\/rd-visoko.si\/index.php\/wp-json\/wp\/v2\/pages\/130","targetHints":{"allow":["GET"]}}],"collection":[{"href":"https:\/\/rd-visoko.si\/index.php\/wp-json\/wp\/v2\/pages"}],"about":[{"href":"https:\/\/rd-visoko.si\/index.php\/wp-json\/wp\/v2\/types\/page"}],"author":[{"embeddable":true,"href":"https:\/\/rd-visoko.si\/index.php\/wp-json\/wp\/v2\/users\/1"}],"replies":[{"embeddable":true,"href":"https:\/\/rd-visoko.si\/index.php\/wp-json\/wp\/v2\/comments?post=130"}],"version-history":[{"count":12,"href":"https:\/\/rd-visoko.si\/index.php\/wp-json\/wp\/v2\/pages\/130\/revisions"}],"predecessor-version":[{"id":649,"href":"https:\/\/rd-visoko.si\/index.php\/wp-json\/wp\/v2\/pages\/130\/revisions\/649"}],"wp:attachment":[{"href":"https:\/\/rd-visoko.si\/index.php\/wp-json\/wp\/v2\/media?parent=130"}],"curies":[{"name":"wp","href":"https:\/\/api.w.org\/{rel}","templated":true}]}}