{"id":296,"date":"2026-02-23T07:37:21","date_gmt":"2026-02-23T07:37:21","guid":{"rendered":"https:\/\/rd-visoko.si\/?page_id=296"},"modified":"2026-03-17T07:21:53","modified_gmt":"2026-03-17T07:21:53","slug":"naslovna-stran","status":"publish","type":"page","link":"https:\/\/rd-visoko.si\/","title":{"rendered":"Domov"},"content":{"rendered":"\n<div class=\"wp-block-cover alignfull is-light has-custom-content-position is-position-top-center\" style=\"padding-top:0;padding-bottom:0;min-height:621px;aspect-ratio:unset;\"><img loading=\"lazy\" decoding=\"async\" width=\"1024\" height=\"686\" class=\"wp-block-cover__image-background wp-image-451 size-large\" alt=\"\" src=\"https:\/\/rd-visoko.si\/wp-content\/uploads\/2026\/03\/visokoo-1024x686.jpg\" data-object-fit=\"cover\" srcset=\"https:\/\/rd-visoko.si\/wp-content\/uploads\/2026\/03\/visokoo-1024x686.jpg 1024w, https:\/\/rd-visoko.si\/wp-content\/uploads\/2026\/03\/visokoo-300x201.jpg 300w, https:\/\/rd-visoko.si\/wp-content\/uploads\/2026\/03\/visokoo-768x514.jpg 768w, https:\/\/rd-visoko.si\/wp-content\/uploads\/2026\/03\/visokoo-1536x1028.jpg 1536w, https:\/\/rd-visoko.si\/wp-content\/uploads\/2026\/03\/visokoo.jpg 1613w\" sizes=\"auto, (max-width: 1024px) 100vw, 1024px\" \/><span aria-hidden=\"true\" class=\"wp-block-cover__background has-background-dim\" style=\"background-color:#a6acae\"><\/span><div class=\"wp-block-cover__inner-container is-layout-constrained wp-block-cover-is-layout-constrained\">\n<div class=\"scrolling-text-wrapper\">\n  <div class=\"scrolling-text\">\n    \ud83d\udd25 Dobrodo\u0161li na novi spletni strani RD VISOKO \ud83d\udd25\n  <\/div>\n<\/div>\n\n\n\n<p class=\"has-text-align-center has-ast-global-color-4-color has-text-color has-link-color has-small-font-size wp-elements-defd11066fa1fa2545ffeb4d339a8f3e wp-block-paragraph\"><strong>Poljanska Sora \u2013 reka, ki s svojo \u017eivahno strugo in umirjenimi tolmuni povezuje dolino pod Blego\u0161em ter ustvarja prostor neokrnjene narave.<\/strong><\/p>\n\n\n\n<p class=\"has-text-align-center has-ast-global-color-4-color has-text-color has-link-color has-small-font-size wp-elements-61bcc4c7e7e9ab86f238f3c2de8bf1e3 wp-block-paragraph\">Njeni zeleni bregovi in \u010dista voda so dom \u0161tevilnim ribjim vrstam ter zato\u010di\u0161\u010de vsem, ki i\u0161\u010dejo mir, sprostitev in pristno povezanost z naravo.<\/p>\n\n\n\n<p class=\"has-text-align-center has-white-color has-text-color has-link-color has-small-font-size wp-elements-64e90503d5c3df6c652728d11863b23c wp-block-paragraph\">Dobrodo\u0161li na spletni strani Ribi\u0161ke dru\u017eine Visoko, kjer z odgovornim delom in spo\u0161tovanjem do reke ohranjamo bogastvo Poljanske Sore za prihodnje rodove.<\/p>\n\n\n\n<div class=\"wp-block-buttons alignfull is-content-justification-center is-layout-flex wp-container-core-buttons-is-layout-4b735586 wp-block-buttons-is-layout-flex\">\n<div class=\"wp-block-button is-style-fill\"><a class=\"wp-block-button__link has-ast-global-color-8-color has-ast-global-color-7-background-color has-text-color has-background has-link-color has-small-font-size has-custom-font-size wp-element-button\" href=\"https:\/\/rd-visoko.si\/index.php\/ribiska-druzina-visoko\/\">Ve\u010d &gt;&gt;&gt;<\/a><\/div>\n<\/div>\n<\/div><\/div>\n","protected":false},"excerpt":{"rendered":"","protected":false},"author":1,"featured_media":0,"parent":0,"menu_order":0,"comment_status":"closed","ping_status":"closed","template":"","meta":{"_crdt_document":"","site-sidebar-layout":"default","site-content-layout":"","ast-site-content-layout":"default","site-content-style":"default","site-sidebar-style":"default","ast-global-header-display":"","ast-banner-title-visibility":"","ast-main-header-display":"","ast-hfb-above-header-display":"","ast-hfb-below-header-display":"","ast-hfb-mobile-header-display":"","site-post-title":"disabled","ast-breadcrumbs-content":"","ast-featured-img":"","footer-sml-layout":"","ast-disable-related-posts":"","theme-transparent-header-meta":"","adv-header-id-meta":"","stick-header-meta":"","header-above-stick-meta":"","header-main-stick-meta":"","header-below-stick-meta":"","astra-migrate-meta-layouts":"default","ast-page-background-enabled":"default","ast-page-background-meta":{"desktop":{"background-color":"var(--ast-global-color-5)","background-image":"","background-repeat":"repeat","background-position":"center center","background-size":"auto","background-attachment":"scroll","background-type":"","background-media":"","overlay-type":"","overlay-color":"","overlay-opacity":"","overlay-gradient":""},"tablet":{"background-color":"","background-image":"","background-repeat":"repeat","background-position":"center center","background-size":"auto","background-attachment":"scroll","background-type":"","background-media":"","overlay-type":"","overlay-color":"","overlay-opacity":"","overlay-gradient":""},"mobile":{"background-color":"","background-image":"","background-repeat":"repeat","background-position":"center center","background-size":"auto","background-attachment":"scroll","background-type":"","background-media":"","overlay-type":"","overlay-color":"","overlay-opacity":"","overlay-gradient":""}},"ast-content-background-meta":{"desktop":{"background-color":"var(--ast-global-color-4)","background-image":"","background-repeat":"repeat","background-position":"center center","background-size":"auto","background-attachment":"scroll","background-type":"","background-media":"","overlay-type":"","overlay-color":"","overlay-opacity":"","overlay-gradient":""},"tablet":{"background-color":"var(--ast-global-color-4)","background-image":"","background-repeat":"repeat","background-position":"center center","background-size":"auto","background-attachment":"scroll","background-type":"","background-media":"","overlay-type":"","overlay-color":"","overlay-opacity":"","overlay-gradient":""},"mobile":{"background-color":"var(--ast-global-color-4)","background-image":"","background-repeat":"repeat","background-position":"center center","background-size":"auto","background-attachment":"scroll","background-type":"","background-media":"","overlay-type":"","overlay-color":"","overlay-opacity":"","overlay-gradient":""}},"_kadence_starter_templates_imported_post":false,"_mc_calendar":[],"footnotes":""},"class_list":["post-296","page","type-page","status-publish","hentry"],"_links":{"self":[{"href":"https:\/\/rd-visoko.si\/index.php\/wp-json\/wp\/v2\/pages\/296","targetHints":{"allow":["GET"]}}],"collection":[{"href":"https:\/\/rd-visoko.si\/index.php\/wp-json\/wp\/v2\/pages"}],"about":[{"href":"https:\/\/rd-visoko.si\/index.php\/wp-json\/wp\/v2\/types\/page"}],"author":[{"embeddable":true,"href":"https:\/\/rd-visoko.si\/index.php\/wp-json\/wp\/v2\/users\/1"}],"replies":[{"embeddable":true,"href":"https:\/\/rd-visoko.si\/index.php\/wp-json\/wp\/v2\/comments?post=296"}],"version-history":[{"count":20,"href":"https:\/\/rd-visoko.si\/index.php\/wp-json\/wp\/v2\/pages\/296\/revisions"}],"predecessor-version":[{"id":834,"href":"https:\/\/rd-visoko.si\/index.php\/wp-json\/wp\/v2\/pages\/296\/revisions\/834"}],"wp:attachment":[{"href":"https:\/\/rd-visoko.si\/index.php\/wp-json\/wp\/v2\/media?parent=296"}],"curies":[{"name":"wp","href":"https:\/\/api.w.org\/{rel}","templated":true}]}}