{"id":625,"date":"2026-03-08T07:33:14","date_gmt":"2026-03-08T07:33:14","guid":{"rendered":"https:\/\/rd-visoko.si\/?page_id=625"},"modified":"2026-03-09T10:47:23","modified_gmt":"2026-03-09T10:47:23","slug":"potocna-postrv-ita","status":"publish","type":"page","link":"https:\/\/rd-visoko.si\/index.php\/it\/potocna-postrv-ita\/","title":{"rendered":"Poto\u010dna postrv ITA"},"content":{"rendered":"\n<figure class=\"wp-block-image size-full\"><img loading=\"lazy\" decoding=\"async\" width=\"1024\" height=\"450\" src=\"https:\/\/rd-visoko.si\/wp-content\/uploads\/2026\/03\/Potocna-postrv-1024x450-3.jpg\" alt=\"\" class=\"wp-image-580\" srcset=\"https:\/\/rd-visoko.si\/wp-content\/uploads\/2026\/03\/Potocna-postrv-1024x450-3.jpg 1024w, https:\/\/rd-visoko.si\/wp-content\/uploads\/2026\/03\/Potocna-postrv-1024x450-3-300x132.jpg 300w, https:\/\/rd-visoko.si\/wp-content\/uploads\/2026\/03\/Potocna-postrv-1024x450-3-768x338.jpg 768w\" sizes=\"auto, (max-width: 1024px) 100vw, 1024px\" \/><\/figure>\n\n\n\n<p class=\"has-large-font-size wp-block-paragraph\"><strong>La trota fario \u2013 Salmo trutta m. fario<\/strong><\/p>\n\n\n\n<p class=\"wp-block-paragraph\">La trota fario ha un corpo fusiforme, leggermente compresso lateralmente. La testa \u00e8 di medie dimensioni, il muso si estende all\u2019indietro oltre il bordo posteriore dell\u2019occhio e la bocca \u00e8 terminale. Nei maschi sessualmente maturi, la mascella inferiore \u00e8 uncinata e curva verso l\u2019alto. Sono presenti denti sul rastrello, cos\u00ec come sulle mascelle, sulla lingua e sul palato. Il dorso \u00e8 verdastro o brunastro, a volte quasi nero, i fianchi sono pi\u00f9 chiari, dal giallo al giallo dorato, il ventre \u00e8 biancastro. Presenta macchie nere sul dorso, bordate da un bordo chiaro, e sui fianchi le macchie sono anche rosse e bordate di bianco o azzurro chiaro. Le giovani trote presentano 6-9 strisce trasversali pi\u00f9 scure sui fianchi. Il bordo della pinna caudale \u00e8 dentellato nei pesci pi\u00f9 giovani, ma dritto in quelli pi\u00f9 vecchi. La trota fario raggiunge la maturit\u00e0 sessuale al 2\u00b0, solitamente al 3\u00b0 anno di et\u00e0. Si riproduce da ottobre a febbraio nelle zone ghiaiose dei corsi d\u2019acqua. La femmina depone da 1000 a 3000 uova piuttosto grandi. Cresce fino a 50 cm, con esemplari rari che raggiungono i 70 cm. Le dimensioni degli individui dipendono principalmente dalla quantit\u00e0 di cibo disponibile e dalla temperatura dell\u2019acqua. I pesci adulti si nutrono principalmente di invertebrati e cibo aereo (insetti che volano sopra l\u2019acqua) e in parte di pesci. La trota fario abita i corsi d\u2019acqua, dai torrenti montani a corrente rapida agli ampi corsi fluviali di pianura.<\/p>\n\n\n\n<p class=\"wp-block-paragraph\"><strong>Distribuzione:<\/strong><br>La trota fario \u00e8 la specie autoctona di trota pi\u00f9 numerosa e diffusa in Europa. \u00c8 presente anche in Nord America, in altri paesi dell\u2019emisfero settentrionale e nell\u2019Africa centrale. Vive in fiumi e laghi fino a un\u2019altitudine di 2500 m, eccezionalmente anche pi\u00f9 in alto. Abita tutti i corsi d\u2019acqua sloveni del bacino del Danubio, dai grandi fiumi ai torrenti pi\u00f9 piccoli. Nel XX secolo si \u00e8 insediata anche nel bacino dell\u2019Isonzo.<\/p>\n\n\n\n<p class=\"wp-block-paragraph\"><strong>Minaccia:<\/strong><br>Il declino della popolazione di trota fario si osserva solo localmente, in acque con frequenti morie e inquinamento costante, o dove i fiumi sono regolati. Un prerequisito per l\u2019esistenza della specie \u00e8 un habitat che favorisca tutte le fasi di sviluppo, come pozze, nascondigli lungo le rive, affluenti puliti per la deposizione delle uova, ecc. La popolazione di trota fario \u00e8 influenzata negativamente da tali interventi che alterano il livello dell\u2019acqua nei fiumi, tanto che l\u2019acqua si prosciuga addirittura in inverno e diventa troppo calda in estate. La sua protezione \u00e8 garantita da una stagione venatoria, da un limite di caccia, dal numero consentito di prede e dal metodo di pesca. La protezione pi\u00f9 efficace \u00e8 l\u2019allevamento artificiale, poich\u00e9 la situazione attuale \u00e8 il risultato di una crescita demografica molto intensa. La trota fario \u00e8 uno dei pesci pi\u00f9 popolari per la pesca sportiva.<\/p>\n","protected":false},"excerpt":{"rendered":"<p>La trota fario \u2013 Salmo trutta m. fario La trota fario ha un corpo fusiforme, leggermente compresso lateralmente. La testa \u00e8 di medie dimensioni, il muso si estende all\u2019indietro oltre [&hellip;]<\/p>\n","protected":false},"author":2,"featured_media":0,"parent":0,"menu_order":0,"comment_status":"closed","ping_status":"closed","template":"","meta":{"_crdt_document":"","site-sidebar-layout":"default","site-content-layout":"","ast-site-content-layout":"default","site-content-style":"default","site-sidebar-style":"default","ast-global-header-display":"","ast-banner-title-visibility":"","ast-main-header-display":"","ast-hfb-above-header-display":"","ast-hfb-below-header-display":"","ast-hfb-mobile-header-display":"","site-post-title":"disabled","ast-breadcrumbs-content":"","ast-featured-img":"","footer-sml-layout":"","ast-disable-related-posts":"","theme-transparent-header-meta":"","adv-header-id-meta":"","stick-header-meta":"","header-above-stick-meta":"","header-main-stick-meta":"","header-below-stick-meta":"","astra-migrate-meta-layouts":"default","ast-page-background-enabled":"default","ast-page-background-meta":{"desktop":{"background-color":"var(--ast-global-color-5)","background-image":"","background-repeat":"repeat","background-position":"center center","background-size":"auto","background-attachment":"scroll","background-type":"","background-media":"","overlay-type":"","overlay-color":"","overlay-opacity":"","overlay-gradient":""},"tablet":{"background-color":"","background-image":"","background-repeat":"repeat","background-position":"center center","background-size":"auto","background-attachment":"scroll","background-type":"","background-media":"","overlay-type":"","overlay-color":"","overlay-opacity":"","overlay-gradient":""},"mobile":{"background-color":"","background-image":"","background-repeat":"repeat","background-position":"center center","background-size":"auto","background-attachment":"scroll","background-type":"","background-media":"","overlay-type":"","overlay-color":"","overlay-opacity":"","overlay-gradient":""}},"ast-content-background-meta":{"desktop":{"background-color":"var(--ast-global-color-4)","background-image":"","background-repeat":"repeat","background-position":"center center","background-size":"auto","background-attachment":"scroll","background-type":"","background-media":"","overlay-type":"","overlay-color":"","overlay-opacity":"","overlay-gradient":""},"tablet":{"background-color":"var(--ast-global-color-4)","background-image":"","background-repeat":"repeat","background-position":"center center","background-size":"auto","background-attachment":"scroll","background-type":"","background-media":"","overlay-type":"","overlay-color":"","overlay-opacity":"","overlay-gradient":""},"mobile":{"background-color":"var(--ast-global-color-4)","background-image":"","background-repeat":"repeat","background-position":"center center","background-size":"auto","background-attachment":"scroll","background-type":"","background-media":"","overlay-type":"","overlay-color":"","overlay-opacity":"","overlay-gradient":""}},"_kadence_starter_templates_imported_post":false,"_mc_calendar":[],"footnotes":""},"class_list":["post-625","page","type-page","status-publish","hentry"],"_links":{"self":[{"href":"https:\/\/rd-visoko.si\/index.php\/wp-json\/wp\/v2\/pages\/625","targetHints":{"allow":["GET"]}}],"collection":[{"href":"https:\/\/rd-visoko.si\/index.php\/wp-json\/wp\/v2\/pages"}],"about":[{"href":"https:\/\/rd-visoko.si\/index.php\/wp-json\/wp\/v2\/types\/page"}],"author":[{"embeddable":true,"href":"https:\/\/rd-visoko.si\/index.php\/wp-json\/wp\/v2\/users\/2"}],"replies":[{"embeddable":true,"href":"https:\/\/rd-visoko.si\/index.php\/wp-json\/wp\/v2\/comments?post=625"}],"version-history":[{"count":3,"href":"https:\/\/rd-visoko.si\/index.php\/wp-json\/wp\/v2\/pages\/625\/revisions"}],"predecessor-version":[{"id":729,"href":"https:\/\/rd-visoko.si\/index.php\/wp-json\/wp\/v2\/pages\/625\/revisions\/729"}],"wp:attachment":[{"href":"https:\/\/rd-visoko.si\/index.php\/wp-json\/wp\/v2\/media?parent=625"}],"curies":[{"name":"wp","href":"https:\/\/api.w.org\/{rel}","templated":true}]}}