{"id":630,"date":"2026-03-08T07:36:30","date_gmt":"2026-03-08T07:36:30","guid":{"rendered":"https:\/\/rd-visoko.si\/?page_id=630"},"modified":"2026-03-09T10:46:02","modified_gmt":"2026-03-09T10:46:02","slug":"potocna-postrv-de","status":"publish","type":"page","link":"https:\/\/rd-visoko.si\/index.php\/de\/potocna-postrv-de\/","title":{"rendered":"Poto\u010dna postrv DE"},"content":{"rendered":"\n<figure class=\"wp-block-image size-full\"><img loading=\"lazy\" decoding=\"async\" width=\"1024\" height=\"450\" src=\"https:\/\/rd-visoko.si\/wp-content\/uploads\/2026\/03\/Potocna-postrv-1024x450-4.jpg\" alt=\"\" class=\"wp-image-589\" srcset=\"https:\/\/rd-visoko.si\/wp-content\/uploads\/2026\/03\/Potocna-postrv-1024x450-4.jpg 1024w, https:\/\/rd-visoko.si\/wp-content\/uploads\/2026\/03\/Potocna-postrv-1024x450-4-300x132.jpg 300w, https:\/\/rd-visoko.si\/wp-content\/uploads\/2026\/03\/Potocna-postrv-1024x450-4-768x338.jpg 768w\" sizes=\"auto, (max-width: 1024px) 100vw, 1024px\" \/><\/figure>\n\n\n\n<p class=\"has-large-font-size wp-block-paragraph\"><strong>Die Bachforelle \u2013 Salmo trutta m. fario<\/strong><\/p>\n\n\n\n<p class=\"wp-block-paragraph\">Die Bachforelle hat einen spindelf\u00f6rmigen, seitlich leicht abgeflachten K\u00f6rper. Der Kopf ist mittelgro\u00df, die Schnauze reicht \u00fcber den hinteren Augenrand hinaus, und das Maul ist endst\u00e4ndig. Bei geschlechtsreifen M\u00e4nnchen ist der Unterkiefer hakenf\u00f6rmig und nach oben gebogen. Z\u00e4hne befinden sich am Rachen, im Kiefer, auf der Zunge und am Gaumen. Der R\u00fccken ist gr\u00fcnlich bis br\u00e4unlich, manchmal fast schwarz, die Flanken sind heller, gelblich bis goldgelb, der Bauch wei\u00dflich. Der R\u00fccken weist schwarze, hell umrandete Flecken auf, die Flanken ebenfalls rote, wei\u00df oder hellblau umrandete Flecken. Jungforellen haben 6\u20139 dunkle Querstreifen an den Flanken. Der Rand der Schwanzflosse ist bei j\u00fcngeren Fischen gekerbt, bei \u00e4lteren gerade. Bachforellen erreichen die Geschlechtsreife im zweiten, meist im dritten Lebensjahr. Sie laichen von Oktober bis Februar in kiesigen Bachabschnitten. Das Weibchen legt 1000\u20133000 relativ gro\u00dfe Eier. Es erreicht eine L\u00e4nge von bis zu 50 cm, selten sogar bis zu 70 cm. Die Gr\u00f6\u00dfe der einzelnen Tiere h\u00e4ngt haupts\u00e4chlich vom Nahrungsangebot und der Wassertemperatur ab. Ausgewachsene Fische ern\u00e4hren sich vorwiegend von Wirbellosen und Insekten, die \u00fcber dem Wasser fliegen, und teilweise von Fischen. Die Bachforelle bewohnt Gew\u00e4sser von schnell flie\u00dfenden Gebirgsb\u00e4chen bis hin zu breiten Fl\u00fcssen im Flachland.<\/p>\n\n\n\n<p class=\"wp-block-paragraph\"><strong>Verbreitung:<\/strong><br>Die Bachforelle ist die zahlreichste und am weitesten verbreitete einheimische Forellenart Europas. Sie kommt auch in Nordamerika, anderen L\u00e4ndern der Nordhalbkugel und in Zentralafrika vor. Sie lebt in Fl\u00fcssen und Seen bis zu einer H\u00f6he von 2500 m, ausnahmsweise sogar noch h\u00f6her. Sie bewohnt alle slowenischen Gew\u00e4sser des Donaubeckens, von gro\u00dfen Fl\u00fcssen bis hin zu kleinsten B\u00e4chen. Im 20. Jahrhundert siedelte sie sich auch im So\u010da-Flussbecken an.<\/p>\n\n\n\n<p class=\"wp-block-paragraph\"><strong>Bedrohung:<\/strong><br>Der R\u00fcckgang der Bachforellenpopulation ist nur lokal zu beobachten, in Gew\u00e4ssern mit h\u00e4ufigem Fischsterben und st\u00e4ndiger Verschmutzung oder in regulierten Fl\u00fcssen. Voraussetzung f\u00fcr das \u00dcberleben der Art ist ein geeigneter Lebensraum f\u00fcr alle Entwicklungsstadien, wie z. B. Gumpen, Verstecke am Ufer und saubere Zufl\u00fcsse zum Laichen. Eingriffe, die den Wasserstand in den Fl\u00fcssen ver\u00e4ndern, sodass diese im Winter austrocknen und im Sommer zu hei\u00df werden, beeintr\u00e4chtigen die Bachforellenpopulation negativ. Sie wird durch Schonzeiten, Fangbegrenzungen, die zul\u00e4ssige Anzahl an Beutetieren und die Angelmethoden gesch\u00fctzt. Der effektivste Schutz ist eine erfolgreiche k\u00fcnstliche Aufzucht, da die aktuelle Situation auf ein sehr starkes Populationswachstum zur\u00fcckzuf\u00fchren ist. Die Bachforelle ist einer der beliebtesten Fische beim Sportfischen.<\/p>\n","protected":false},"excerpt":{"rendered":"<p>Die Bachforelle \u2013 Salmo trutta m. fario Die Bachforelle hat einen spindelf\u00f6rmigen, seitlich leicht abgeflachten K\u00f6rper. Der Kopf ist mittelgro\u00df, die Schnauze reicht \u00fcber den hinteren Augenrand hinaus, und das [&hellip;]<\/p>\n","protected":false},"author":2,"featured_media":0,"parent":0,"menu_order":0,"comment_status":"closed","ping_status":"closed","template":"","meta":{"_crdt_document":"","site-sidebar-layout":"default","site-content-layout":"","ast-site-content-layout":"default","site-content-style":"default","site-sidebar-style":"default","ast-global-header-display":"","ast-banner-title-visibility":"","ast-main-header-display":"","ast-hfb-above-header-display":"","ast-hfb-below-header-display":"","ast-hfb-mobile-header-display":"","site-post-title":"disabled","ast-breadcrumbs-content":"","ast-featured-img":"","footer-sml-layout":"","ast-disable-related-posts":"","theme-transparent-header-meta":"","adv-header-id-meta":"","stick-header-meta":"","header-above-stick-meta":"","header-main-stick-meta":"","header-below-stick-meta":"","astra-migrate-meta-layouts":"default","ast-page-background-enabled":"default","ast-page-background-meta":{"desktop":{"background-color":"var(--ast-global-color-5)","background-image":"","background-repeat":"repeat","background-position":"center center","background-size":"auto","background-attachment":"scroll","background-type":"","background-media":"","overlay-type":"","overlay-color":"","overlay-opacity":"","overlay-gradient":""},"tablet":{"background-color":"","background-image":"","background-repeat":"repeat","background-position":"center center","background-size":"auto","background-attachment":"scroll","background-type":"","background-media":"","overlay-type":"","overlay-color":"","overlay-opacity":"","overlay-gradient":""},"mobile":{"background-color":"","background-image":"","background-repeat":"repeat","background-position":"center center","background-size":"auto","background-attachment":"scroll","background-type":"","background-media":"","overlay-type":"","overlay-color":"","overlay-opacity":"","overlay-gradient":""}},"ast-content-background-meta":{"desktop":{"background-color":"var(--ast-global-color-4)","background-image":"","background-repeat":"repeat","background-position":"center center","background-size":"auto","background-attachment":"scroll","background-type":"","background-media":"","overlay-type":"","overlay-color":"","overlay-opacity":"","overlay-gradient":""},"tablet":{"background-color":"var(--ast-global-color-4)","background-image":"","background-repeat":"repeat","background-position":"center center","background-size":"auto","background-attachment":"scroll","background-type":"","background-media":"","overlay-type":"","overlay-color":"","overlay-opacity":"","overlay-gradient":""},"mobile":{"background-color":"var(--ast-global-color-4)","background-image":"","background-repeat":"repeat","background-position":"center center","background-size":"auto","background-attachment":"scroll","background-type":"","background-media":"","overlay-type":"","overlay-color":"","overlay-opacity":"","overlay-gradient":""}},"_kadence_starter_templates_imported_post":false,"_mc_calendar":[],"footnotes":""},"class_list":["post-630","page","type-page","status-publish","hentry"],"_links":{"self":[{"href":"https:\/\/rd-visoko.si\/index.php\/wp-json\/wp\/v2\/pages\/630","targetHints":{"allow":["GET"]}}],"collection":[{"href":"https:\/\/rd-visoko.si\/index.php\/wp-json\/wp\/v2\/pages"}],"about":[{"href":"https:\/\/rd-visoko.si\/index.php\/wp-json\/wp\/v2\/types\/page"}],"author":[{"embeddable":true,"href":"https:\/\/rd-visoko.si\/index.php\/wp-json\/wp\/v2\/users\/2"}],"replies":[{"embeddable":true,"href":"https:\/\/rd-visoko.si\/index.php\/wp-json\/wp\/v2\/comments?post=630"}],"version-history":[{"count":2,"href":"https:\/\/rd-visoko.si\/index.php\/wp-json\/wp\/v2\/pages\/630\/revisions"}],"predecessor-version":[{"id":727,"href":"https:\/\/rd-visoko.si\/index.php\/wp-json\/wp\/v2\/pages\/630\/revisions\/727"}],"wp:attachment":[{"href":"https:\/\/rd-visoko.si\/index.php\/wp-json\/wp\/v2\/media?parent=630"}],"curies":[{"name":"wp","href":"https:\/\/api.w.org\/{rel}","templated":true}]}}