{"id":639,"date":"2026-03-08T07:50:48","date_gmt":"2026-03-08T07:50:48","guid":{"rendered":"https:\/\/rd-visoko.si\/?page_id=639"},"modified":"2026-03-08T07:50:50","modified_gmt":"2026-03-08T07:50:50","slug":"sulec","status":"publish","type":"page","link":"https:\/\/rd-visoko.si\/index.php\/sulec\/","title":{"rendered":"Sulec"},"content":{"rendered":"\n<figure class=\"wp-block-image size-full is-resized\"><img loading=\"lazy\" decoding=\"async\" width=\"700\" height=\"500\" src=\"https:\/\/rd-visoko.si\/wp-content\/uploads\/2026\/03\/sulec_novice.jpg\" alt=\"\" class=\"wp-image-490\" style=\"width:941px;height:auto\" srcset=\"https:\/\/rd-visoko.si\/wp-content\/uploads\/2026\/03\/sulec_novice.jpg 700w, https:\/\/rd-visoko.si\/wp-content\/uploads\/2026\/03\/sulec_novice-300x214.jpg 300w\" sizes=\"auto, (max-width: 700px) 100vw, 700px\" \/><\/figure>\n\n\n\n<p class=\"has-large-font-size wp-block-paragraph\"><strong>Sulec \u2013 Hucho hucho<\/strong><\/p>\n\n\n\n<p class=\"wp-block-paragraph\">Sulec je na\u0161a najve\u010dja riba iz dru\u017eine postrvi, trup je izrazito vretenast, glava je velika, gobec je zelo velik z mo\u010dnimi zobmi. Hrbet je sivkasto zelen do sivkasto rjav, boki so svetlej\u0161i z bakreno ble\u0161\u010de\u010dim odtenkom, ki postane \u0161e izrazitej\u0161i pri samcih v \u010dasu drsti in pri starej\u0161ih osebkih. Trebuh je belkast do svetlo srebrno siv. Plavuti so svetle, umazano bele ali sivkaste. Hrbet in boki so posejani z redkimi in nepravilnimi \u010drnimi pegami. Sulec spolno dozori v 4.-5. letu pri velikosti okoli 65-70 cm. Drsti se od oktobra do sredine februarja. V \u010dasu drsti potujejo spolno zreli osebki v manj\u0161e pritoke, kjer se drstijo v parih na prodnatih tleh. Samica izkoplje z repno plavutjo jamo, kamor odlo\u017ei ikre. Odrasli sulci so ribojedi, mladi pa se hranijo stalnimi nevreten\u010darji in z zarodom drugih rib, predvsem podustmi. Tam kjer je dovolj podusti, je bilo neko\u010d tudi zelo veliko sulcev, danes pa je zaradi \u0161tevilnih negativnih vplivov to stanje poru\u0161eno. Sulec \u017ee naseljuje predele vodotokov, kjer se kon\u010duje pas postrvi in se pri\u010denja pas lipana, v tem pasu pa je vedno pogostej\u0161i, verjetno zaradi slab\u0161anja \u017eivljenjskih pogojev v drugih delih vodotokov. Mladi sulci \u017eivijo nekaj \u010dasa v manj\u0161ih pritokih, in se medtem ko rastejo, selijo v ve\u010dje vodotoke, kjer \u017eivijo njihovi roditelji.<\/p>\n\n\n\n<p class=\"wp-block-paragraph\"><strong>Raz\u0161irjenost:<\/strong><br>Naselitveno obmo\u010dje sulca je donavsko pore\u010dje. V zadnjih 20-30 letih so ga naselili v nekatere vodotoke zahodne Evrope, vendar neuspe\u0161no. Naseljuje Savo Bohinjko in Savo, Savinjo, Ljubljanico s pritoki, Soro, Mirno, Dravo, Krko, Kolpo in njihove pritoke, v 60. letih pa je popolnoma izginil iz reke Mure.<\/p>\n\n\n\n<p class=\"wp-block-paragraph\"><strong>Ogro\u017eenost:<\/strong><br>V preteklih stoletjih je bil sulec ena najzanimivej\u0161ih lovnih rib, zato so ga \u017ee v preteklosti preve\u010d lovili. Poleg tega imajo negativen vpliv tudi zajezitvena jezera v zgornjih delih rek, kjer je bil sulec v\u010dasih najpogostej\u0161i. Slab\u0161anje kakovosti vode ima ve\u010dji negativni vpliv na sulca kot na vse druge vrste postrvi.<br>Najustreznej\u0161i varstveni ukrep je zavarovanje dela reke, kjer bi nemoteno \u017eivele odrasle \u017eivali, in pa zavarovanje drsti\u0161\u010d. Sulec se namre\u010d na drsti vznemiri \u017ee ob najmanj\u0161ih premikih ob vodi. Kjer zavarovanje biotopa ni mogo\u010de, je potrebno intenzivno vlaganje umetno vzrejenih rib. Pri nas je vzreja zelo uspe\u0161na, prav tako pa tudi v drugih de\u017eelah njegovega areala. Pomemben varstveni ukrep je tudi lovopust, najmanj\u0161a lovna mera in omejeno \u0161tevilo uplenjenih kosov in na\u010dinov ribolova. Sulec je zelo zanimiva \u0161portno ribolovna riba.<\/p>\n","protected":false},"excerpt":{"rendered":"<p>Sulec \u2013 Hucho hucho Sulec je na\u0161a najve\u010dja riba iz dru\u017eine postrvi, trup je izrazito vretenast, glava je velika, gobec je zelo velik z mo\u010dnimi zobmi. Hrbet je sivkasto zelen [&hellip;]<\/p>\n","protected":false},"author":2,"featured_media":0,"parent":0,"menu_order":0,"comment_status":"closed","ping_status":"closed","template":"","meta":{"_crdt_document":"","site-sidebar-layout":"default","site-content-layout":"","ast-site-content-layout":"default","site-content-style":"default","site-sidebar-style":"default","ast-global-header-display":"","ast-banner-title-visibility":"","ast-main-header-display":"","ast-hfb-above-header-display":"","ast-hfb-below-header-display":"","ast-hfb-mobile-header-display":"","site-post-title":"disabled","ast-breadcrumbs-content":"","ast-featured-img":"","footer-sml-layout":"","ast-disable-related-posts":"","theme-transparent-header-meta":"","adv-header-id-meta":"","stick-header-meta":"","header-above-stick-meta":"","header-main-stick-meta":"","header-below-stick-meta":"","astra-migrate-meta-layouts":"default","ast-page-background-enabled":"default","ast-page-background-meta":{"desktop":{"background-color":"var(--ast-global-color-5)","background-image":"","background-repeat":"repeat","background-position":"center center","background-size":"auto","background-attachment":"scroll","background-type":"","background-media":"","overlay-type":"","overlay-color":"","overlay-opacity":"","overlay-gradient":""},"tablet":{"background-color":"","background-image":"","background-repeat":"repeat","background-position":"center center","background-size":"auto","background-attachment":"scroll","background-type":"","background-media":"","overlay-type":"","overlay-color":"","overlay-opacity":"","overlay-gradient":""},"mobile":{"background-color":"","background-image":"","background-repeat":"repeat","background-position":"center center","background-size":"auto","background-attachment":"scroll","background-type":"","background-media":"","overlay-type":"","overlay-color":"","overlay-opacity":"","overlay-gradient":""}},"ast-content-background-meta":{"desktop":{"background-color":"var(--ast-global-color-4)","background-image":"","background-repeat":"repeat","background-position":"center center","background-size":"auto","background-attachment":"scroll","background-type":"","background-media":"","overlay-type":"","overlay-color":"","overlay-opacity":"","overlay-gradient":""},"tablet":{"background-color":"var(--ast-global-color-4)","background-image":"","background-repeat":"repeat","background-position":"center center","background-size":"auto","background-attachment":"scroll","background-type":"","background-media":"","overlay-type":"","overlay-color":"","overlay-opacity":"","overlay-gradient":""},"mobile":{"background-color":"var(--ast-global-color-4)","background-image":"","background-repeat":"repeat","background-position":"center center","background-size":"auto","background-attachment":"scroll","background-type":"","background-media":"","overlay-type":"","overlay-color":"","overlay-opacity":"","overlay-gradient":""}},"_kadence_starter_templates_imported_post":false,"_mc_calendar":[],"footnotes":""},"class_list":["post-639","page","type-page","status-publish","hentry"],"_links":{"self":[{"href":"https:\/\/rd-visoko.si\/index.php\/wp-json\/wp\/v2\/pages\/639","targetHints":{"allow":["GET"]}}],"collection":[{"href":"https:\/\/rd-visoko.si\/index.php\/wp-json\/wp\/v2\/pages"}],"about":[{"href":"https:\/\/rd-visoko.si\/index.php\/wp-json\/wp\/v2\/types\/page"}],"author":[{"embeddable":true,"href":"https:\/\/rd-visoko.si\/index.php\/wp-json\/wp\/v2\/users\/2"}],"replies":[{"embeddable":true,"href":"https:\/\/rd-visoko.si\/index.php\/wp-json\/wp\/v2\/comments?post=639"}],"version-history":[{"count":1,"href":"https:\/\/rd-visoko.si\/index.php\/wp-json\/wp\/v2\/pages\/639\/revisions"}],"predecessor-version":[{"id":640,"href":"https:\/\/rd-visoko.si\/index.php\/wp-json\/wp\/v2\/pages\/639\/revisions\/640"}],"wp:attachment":[{"href":"https:\/\/rd-visoko.si\/index.php\/wp-json\/wp\/v2\/media?parent=639"}],"curies":[{"name":"wp","href":"https:\/\/api.w.org\/{rel}","templated":true}]}}