{"id":645,"date":"2026-03-08T07:55:43","date_gmt":"2026-03-08T07:55:43","guid":{"rendered":"https:\/\/rd-visoko.si\/?page_id=645"},"modified":"2026-03-08T07:55:46","modified_gmt":"2026-03-08T07:55:46","slug":"lipan-2","status":"publish","type":"page","link":"https:\/\/rd-visoko.si\/index.php\/lipan-2\/","title":{"rendered":"Lipan"},"content":{"rendered":"\n<figure class=\"wp-block-image size-full is-resized\"><img loading=\"lazy\" decoding=\"async\" width=\"339\" height=\"149\" src=\"https:\/\/rd-visoko.si\/wp-content\/uploads\/2026\/03\/lipan.jpg\" alt=\"\" class=\"wp-image-488\" style=\"width:775px;height:auto\" srcset=\"https:\/\/rd-visoko.si\/wp-content\/uploads\/2026\/03\/lipan.jpg 339w, https:\/\/rd-visoko.si\/wp-content\/uploads\/2026\/03\/lipan-300x132.jpg 300w\" sizes=\"auto, (max-width: 339px) 100vw, 339px\" \/><\/figure>\n\n\n\n<p class=\"has-large-font-size wp-block-paragraph\"><strong>Lipan \u2013 Thymallus thymallus<\/strong><\/p>\n\n\n\n<p class=\"wp-block-paragraph\">Lipan je za postrvi precej nezna\u010dilna riba. Ima mo\u010dno splo\u0161\u010den trup in izbo\u010den hrbet z zna\u010dilno, mavri\u010dno obarvano, dolgo in visoko hrbtno plavutjo. Glava lipanov je majhna z majhnimi nadstojnimi usti, ki imajo mehke ustnice. Telo je oran\u017eno srebrne barve, pokrito pa je z dokaj velikimi luskami, ki so razporejene v ravnih vrstah. Po sprednjem delu telesa ima lipan razporejene manj\u0161e in manj kontrastne pike. Hrbet teh rib je zelenkasto rjave barve, trebuh pa srebrno rumen.Povpre\u010dno lipani zrasteje med 25 in 35 cm, izjemoma pa lahko dose\u017eejo tudi do 63 cm in 6,7 kg. Spolno dozorijo v tretjem ali \u010detrtem letu starosti, drstijo pa se marca in aprila na prodnatnem dnu. Samec z repno plavutjo skoplje v pesek jamico, kamor samica odlo\u017ei od 3.000 do 6.000, izjemoma pa tudi do 10.000 iker.Osnovna hrana lipanov so vodne \u017eu\u017eelke in \u017eu\u017eelke, ki jih pobira z vodne povr\u0161ine, pa tudi razni talni nevreten\u010darji, ikrami in zarodom drugih rib. Lipan \u017eivi v \u010distih in hladnih delih rek, kjer je tok hiter, najdeno pa ga tudi v hladnih gorskih jezerih, kjer poleti temperatura vode ne prese\u017ee 20\u00b0 C. V vodi mora biti tudi dovolj kisika, da bi v njej lipani uspevali. Po lipanu se imenuje tudi pas rek, ki se za\u010dne po postrvjem pasu.<\/p>\n\n\n\n<p class=\"wp-block-paragraph\"><strong>Raz\u0161irjenost:<\/strong><br>Raz\u0161irjen je v Angliji, ju\u017eni Skandinaviji, v rekah, ki se izlivajo v Severno morje, v zgornjih pritokih Volge. V osrednji Evropi je raz\u0161irjen v nekaterih rekah v Franciji, Nem\u010diji, severni Italiji in v nekaterih rekah donavskega pore\u010dja.<\/p>\n\n\n\n<p class=\"wp-block-paragraph\"><strong>Ogro\u017eenost:<\/strong><br>V Sloveniji ga je najti v zgornjem toku skoraj vseh rek, v zadnjih desetletjih je izginil le iz Mure. Edini razlog za dokaj stabilno populacijo lipanov je mno\u017ei\u010dno vlaganje mladic, ki jih vzgajajo v ribogojnicah nazaj v reke. V naravnem okolju ga najbolj ogro\u017ea onesna\u017eevanje in regulacija vodotokov. Je izjemno zanimiva riba za \u0161portni ribolov, \u0161e posebej za muharjenje, povsod, kjer je dovoljen lov nanj pa je zavarovan z lovopustom, najmanj\u0161o lovno mero, na\u010dinom ribolova in omejenim \u0161tevilom ujetih rib.<\/p>\n","protected":false},"excerpt":{"rendered":"<p>Lipan \u2013 Thymallus thymallus Lipan je za postrvi precej nezna\u010dilna riba. Ima mo\u010dno splo\u0161\u010den trup in izbo\u010den hrbet z zna\u010dilno, mavri\u010dno obarvano, dolgo in visoko hrbtno plavutjo. Glava lipanov je [&hellip;]<\/p>\n","protected":false},"author":2,"featured_media":0,"parent":0,"menu_order":0,"comment_status":"closed","ping_status":"closed","template":"","meta":{"_crdt_document":"","site-sidebar-layout":"default","site-content-layout":"","ast-site-content-layout":"default","site-content-style":"default","site-sidebar-style":"default","ast-global-header-display":"","ast-banner-title-visibility":"","ast-main-header-display":"","ast-hfb-above-header-display":"","ast-hfb-below-header-display":"","ast-hfb-mobile-header-display":"","site-post-title":"disabled","ast-breadcrumbs-content":"","ast-featured-img":"","footer-sml-layout":"","ast-disable-related-posts":"","theme-transparent-header-meta":"","adv-header-id-meta":"","stick-header-meta":"","header-above-stick-meta":"","header-main-stick-meta":"","header-below-stick-meta":"","astra-migrate-meta-layouts":"default","ast-page-background-enabled":"default","ast-page-background-meta":{"desktop":{"background-color":"var(--ast-global-color-5)","background-image":"","background-repeat":"repeat","background-position":"center center","background-size":"auto","background-attachment":"scroll","background-type":"","background-media":"","overlay-type":"","overlay-color":"","overlay-opacity":"","overlay-gradient":""},"tablet":{"background-color":"","background-image":"","background-repeat":"repeat","background-position":"center center","background-size":"auto","background-attachment":"scroll","background-type":"","background-media":"","overlay-type":"","overlay-color":"","overlay-opacity":"","overlay-gradient":""},"mobile":{"background-color":"","background-image":"","background-repeat":"repeat","background-position":"center center","background-size":"auto","background-attachment":"scroll","background-type":"","background-media":"","overlay-type":"","overlay-color":"","overlay-opacity":"","overlay-gradient":""}},"ast-content-background-meta":{"desktop":{"background-color":"var(--ast-global-color-4)","background-image":"","background-repeat":"repeat","background-position":"center center","background-size":"auto","background-attachment":"scroll","background-type":"","background-media":"","overlay-type":"","overlay-color":"","overlay-opacity":"","overlay-gradient":""},"tablet":{"background-color":"var(--ast-global-color-4)","background-image":"","background-repeat":"repeat","background-position":"center center","background-size":"auto","background-attachment":"scroll","background-type":"","background-media":"","overlay-type":"","overlay-color":"","overlay-opacity":"","overlay-gradient":""},"mobile":{"background-color":"var(--ast-global-color-4)","background-image":"","background-repeat":"repeat","background-position":"center center","background-size":"auto","background-attachment":"scroll","background-type":"","background-media":"","overlay-type":"","overlay-color":"","overlay-opacity":"","overlay-gradient":""}},"_kadence_starter_templates_imported_post":false,"_mc_calendar":[],"footnotes":""},"class_list":["post-645","page","type-page","status-publish","hentry"],"_links":{"self":[{"href":"https:\/\/rd-visoko.si\/index.php\/wp-json\/wp\/v2\/pages\/645","targetHints":{"allow":["GET"]}}],"collection":[{"href":"https:\/\/rd-visoko.si\/index.php\/wp-json\/wp\/v2\/pages"}],"about":[{"href":"https:\/\/rd-visoko.si\/index.php\/wp-json\/wp\/v2\/types\/page"}],"author":[{"embeddable":true,"href":"https:\/\/rd-visoko.si\/index.php\/wp-json\/wp\/v2\/users\/2"}],"replies":[{"embeddable":true,"href":"https:\/\/rd-visoko.si\/index.php\/wp-json\/wp\/v2\/comments?post=645"}],"version-history":[{"count":1,"href":"https:\/\/rd-visoko.si\/index.php\/wp-json\/wp\/v2\/pages\/645\/revisions"}],"predecessor-version":[{"id":646,"href":"https:\/\/rd-visoko.si\/index.php\/wp-json\/wp\/v2\/pages\/645\/revisions\/646"}],"wp:attachment":[{"href":"https:\/\/rd-visoko.si\/index.php\/wp-json\/wp\/v2\/media?parent=645"}],"curies":[{"name":"wp","href":"https:\/\/api.w.org\/{rel}","templated":true}]}}