{"id":667,"date":"2026-03-09T10:06:31","date_gmt":"2026-03-09T10:06:31","guid":{"rendered":"https:\/\/rd-visoko.si\/?page_id=667"},"modified":"2026-03-09T10:50:03","modified_gmt":"2026-03-09T10:50:03","slug":"sulec-ita","status":"publish","type":"page","link":"https:\/\/rd-visoko.si\/index.php\/it\/sulec-ita\/","title":{"rendered":"Sulec ITA"},"content":{"rendered":"\n<figure class=\"wp-block-image size-full\"><img loading=\"lazy\" decoding=\"async\" width=\"1024\" height=\"450\" src=\"https:\/\/rd-visoko.si\/wp-content\/uploads\/2026\/03\/Sulec-1024x450-2.jpg\" alt=\"\" class=\"wp-image-581\" srcset=\"https:\/\/rd-visoko.si\/wp-content\/uploads\/2026\/03\/Sulec-1024x450-2.jpg 1024w, https:\/\/rd-visoko.si\/wp-content\/uploads\/2026\/03\/Sulec-1024x450-2-300x132.jpg 300w, https:\/\/rd-visoko.si\/wp-content\/uploads\/2026\/03\/Sulec-1024x450-2-768x338.jpg 768w\" sizes=\"auto, (max-width: 1024px) 100vw, 1024px\" \/><\/figure>\n\n\n\n<p class=\"has-large-font-size wp-block-paragraph\"><strong>Il luccio \u2013 Hucho hucho<\/strong><\/p>\n\n\n\n<p class=\"wp-block-paragraph\">Il luccio \u00e8 il nostro pesce pi\u00f9 grande della famiglia delle trote, con un corpo decisamente affusolato, una testa grande e un muso molto grande con denti robusti. Il dorso \u00e8 di colore grigio-verde o grigio-marrone, i fianchi sono pi\u00f9 chiari con riflessi ramati, che diventano ancora pi\u00f9 pronunciati nei maschi durante la deposizione delle uova e negli individui pi\u00f9 anziani. Il ventre \u00e8 di colore da biancastro a grigio-argento chiaro. Le pinne sono chiare, bianco sporco o grigiastre. Il dorso e i fianchi sono punteggiati da rare e irregolari macchie nere. Il luccio raggiunge la maturit\u00e0 sessuale nel 4\u00b0-5\u00b0 anno di vita, a una dimensione di circa 65-70 cm. Depone le uova da ottobre a met\u00e0 febbraio. Durante la deposizione delle uova, gli individui sessualmente maturi si spostano verso affluenti pi\u00f9 piccoli, dove depongono le uova in coppia su fondali ghiaiosi. La femmina scava una fossa con la pinna caudale, dove depone le uova. I lucci adulti sono piscivori, mentre i giovani si nutrono di invertebrati permanenti e avannotti di altri pesci, in particolare labridi. Dove c&#8217;erano abbastanza bocche, un tempo c&#8217;erano molti scorfani, ma oggi questa situazione \u00e8 stata distrutta a causa di numerose influenze negative. Lo scorfano abita gi\u00e0 le zone dei corsi d&#8217;acqua dove finisce la zona delle trote e inizia quella dei temoli, e in questa zona \u00e8 sempre pi\u00f9 comune, probabilmente a causa del deterioramento delle condizioni di vita in altre parti dei corsi d&#8217;acqua. I giovani scorfani vivono per un certo periodo in affluenti pi\u00f9 piccoli e, crescendo, migrano verso corsi d&#8217;acqua pi\u00f9 grandi dove vivono i loro genitori.<\/p>\n\n\n\n<p class=\"wp-block-paragraph\"><strong>Distribuzione:<\/strong><br>L&#8217;area di insediamento dello scorfano \u00e8 il bacino del Danubio. Negli ultimi 20-30 anni \u00e8 stato introdotto in alcuni corsi d&#8217;acqua dell&#8217;Europa occidentale, ma senza successo. Abita la Sava Bohinjka e i fiumi Sava, Savinja, Ljubljanica con i suoi affluenti, Sora, Quieto, Drava, Krka, Kolpa e i loro affluenti, e negli anni &#8217;60 \u00e8 completamente scomparso dal fiume Mura.<\/p>\n\n\n\n<p class=\"wp-block-paragraph\"><strong>Minaccia:<\/strong><br>Nei secoli passati, il luccio era uno dei pesci pi\u00f9 interessanti per la pesca sportiva, motivo per cui era gi\u00e0 stato sovrasfruttato in passato. Inoltre, le dighe nei tratti superiori dei fiumi, dove un tempo il luccio era pi\u00f9 comune, hanno un impatto negativo. Il deterioramento della qualit\u00e0 dell&#8217;acqua ha un impatto negativo maggiore sul luccio rispetto a tutte le altre specie di trota.<br>La misura di protezione pi\u00f9 appropriata \u00e8 quella di proteggere la parte del fiume in cui gli animali adulti vivrebbero indisturbati e di proteggere le zone di riproduzione. Il luccio viene disturbato durante la riproduzione anche dal minimo movimento lungo l&#8217;acqua. Laddove non sia possibile proteggere il biotopo, \u00e8 necessario investire in modo intensivo in pesci allevati artificialmente. La riproduzione \u00e8 molto prospera nel nostro Paese, cos\u00ec come in altri Paesi del suo areale. Un&#8217;importante misura di protezione \u00e8 rappresentata anche dalla stagione venatoria, dalla taglia minima di caccia e dal numero limitato di esemplari catturati, nonch\u00e9 dai metodi di pesca. Il luccio \u00e8 un pesce molto interessante per la pesca sportiva.<\/p>\n","protected":false},"excerpt":{"rendered":"<p>Il luccio \u2013 Hucho hucho Il luccio \u00e8 il nostro pesce pi\u00f9 grande della famiglia delle trote, con un corpo decisamente affusolato, una testa grande e un muso molto grande [&hellip;]<\/p>\n","protected":false},"author":2,"featured_media":0,"parent":0,"menu_order":0,"comment_status":"closed","ping_status":"closed","template":"","meta":{"_crdt_document":"","site-sidebar-layout":"default","site-content-layout":"","ast-site-content-layout":"default","site-content-style":"default","site-sidebar-style":"default","ast-global-header-display":"","ast-banner-title-visibility":"","ast-main-header-display":"","ast-hfb-above-header-display":"","ast-hfb-below-header-display":"","ast-hfb-mobile-header-display":"","site-post-title":"disabled","ast-breadcrumbs-content":"","ast-featured-img":"","footer-sml-layout":"","ast-disable-related-posts":"","theme-transparent-header-meta":"","adv-header-id-meta":"","stick-header-meta":"","header-above-stick-meta":"","header-main-stick-meta":"","header-below-stick-meta":"","astra-migrate-meta-layouts":"default","ast-page-background-enabled":"default","ast-page-background-meta":{"desktop":{"background-color":"var(--ast-global-color-5)","background-image":"","background-repeat":"repeat","background-position":"center center","background-size":"auto","background-attachment":"scroll","background-type":"","background-media":"","overlay-type":"","overlay-color":"","overlay-opacity":"","overlay-gradient":""},"tablet":{"background-color":"","background-image":"","background-repeat":"repeat","background-position":"center center","background-size":"auto","background-attachment":"scroll","background-type":"","background-media":"","overlay-type":"","overlay-color":"","overlay-opacity":"","overlay-gradient":""},"mobile":{"background-color":"","background-image":"","background-repeat":"repeat","background-position":"center center","background-size":"auto","background-attachment":"scroll","background-type":"","background-media":"","overlay-type":"","overlay-color":"","overlay-opacity":"","overlay-gradient":""}},"ast-content-background-meta":{"desktop":{"background-color":"var(--ast-global-color-4)","background-image":"","background-repeat":"repeat","background-position":"center center","background-size":"auto","background-attachment":"scroll","background-type":"","background-media":"","overlay-type":"","overlay-color":"","overlay-opacity":"","overlay-gradient":""},"tablet":{"background-color":"var(--ast-global-color-4)","background-image":"","background-repeat":"repeat","background-position":"center center","background-size":"auto","background-attachment":"scroll","background-type":"","background-media":"","overlay-type":"","overlay-color":"","overlay-opacity":"","overlay-gradient":""},"mobile":{"background-color":"var(--ast-global-color-4)","background-image":"","background-repeat":"repeat","background-position":"center center","background-size":"auto","background-attachment":"scroll","background-type":"","background-media":"","overlay-type":"","overlay-color":"","overlay-opacity":"","overlay-gradient":""}},"_kadence_starter_templates_imported_post":false,"_mc_calendar":[],"footnotes":""},"class_list":["post-667","page","type-page","status-publish","hentry"],"_links":{"self":[{"href":"https:\/\/rd-visoko.si\/index.php\/wp-json\/wp\/v2\/pages\/667","targetHints":{"allow":["GET"]}}],"collection":[{"href":"https:\/\/rd-visoko.si\/index.php\/wp-json\/wp\/v2\/pages"}],"about":[{"href":"https:\/\/rd-visoko.si\/index.php\/wp-json\/wp\/v2\/types\/page"}],"author":[{"embeddable":true,"href":"https:\/\/rd-visoko.si\/index.php\/wp-json\/wp\/v2\/users\/2"}],"replies":[{"embeddable":true,"href":"https:\/\/rd-visoko.si\/index.php\/wp-json\/wp\/v2\/comments?post=667"}],"version-history":[{"count":2,"href":"https:\/\/rd-visoko.si\/index.php\/wp-json\/wp\/v2\/pages\/667\/revisions"}],"predecessor-version":[{"id":734,"href":"https:\/\/rd-visoko.si\/index.php\/wp-json\/wp\/v2\/pages\/667\/revisions\/734"}],"wp:attachment":[{"href":"https:\/\/rd-visoko.si\/index.php\/wp-json\/wp\/v2\/media?parent=667"}],"curies":[{"name":"wp","href":"https:\/\/api.w.org\/{rel}","templated":true}]}}