{"id":672,"date":"2026-03-09T10:09:46","date_gmt":"2026-03-09T10:09:46","guid":{"rendered":"https:\/\/rd-visoko.si\/?page_id=672"},"modified":"2026-03-09T10:45:12","modified_gmt":"2026-03-09T10:45:12","slug":"lipan-ita","status":"publish","type":"page","link":"https:\/\/rd-visoko.si\/index.php\/it\/lipan-ita\/","title":{"rendered":"Lipan ITA"},"content":{"rendered":"\n<figure class=\"wp-block-image size-full is-resized\"><img loading=\"lazy\" decoding=\"async\" width=\"339\" height=\"149\" src=\"https:\/\/rd-visoko.si\/wp-content\/uploads\/2026\/03\/lipan-2.jpg\" alt=\"\" class=\"wp-image-579\" style=\"aspect-ratio:2.275301520713162;width:1014px;height:auto\" srcset=\"https:\/\/rd-visoko.si\/wp-content\/uploads\/2026\/03\/lipan-2.jpg 339w, https:\/\/rd-visoko.si\/wp-content\/uploads\/2026\/03\/lipan-2-300x132.jpg 300w\" sizes=\"auto, (max-width: 339px) 100vw, 339px\" \/><\/figure>\n\n\n\n<p class=\"has-large-font-size wp-block-paragraph\"><strong>Temolo \u2013 Thymallus thymallus<\/strong><\/p>\n\n\n\n<p class=\"wp-block-paragraph\">Il temolo \u00e8 un pesce piuttosto insolito per la trota. Ha un corpo fortemente appiattito e un dorso convesso con una caratteristica pinna dorsale iridescente, lunga e alta. La testa del temolo \u00e8 piccola con una piccola bocca sporgente con labbra morbide. Il corpo \u00e8 di colore arancione-argento ed \u00e8 ricoperto da squame piuttosto grandi disposte in file dritte. La parte anteriore del corpo del temolo presenta macchie pi\u00f9 piccole e meno contrastanti. Il dorso di questi pesci \u00e8 di colore bruno-verdastro e il ventre \u00e8 giallo-argenteo. In media, il temolo cresce tra i 25 e i 35 cm, ma eccezionalmente pu\u00f2 raggiungere fino a 63 cm e 6,7 kg di peso. Raggiunge la maturit\u00e0 sessuale al terzo o quarto anno di et\u00e0 e depone le uova tra marzo e aprile sul fondo ghiaioso. Il maschio scava una buca nella sabbia con la pinna caudale, dove la femmina depone da 3.000 a 6.000 uova, eccezionalmente fino a 10.000. Il cibo principale del temolo sono gli insetti acquatici e quelli che raccoglie dalla superficie dell&#8217;acqua, oltre a vari invertebrati di fondale, uova e prole di altri pesci. Il temolo vive in tratti puliti e freddi dei fiumi, dove la corrente \u00e8 veloce, e si trova anche nei laghi di montagna freddi, dove la temperatura dell&#8217;acqua non supera i 20 \u00b0C in estate. Inoltre, l&#8217;acqua deve contenere abbastanza ossigeno affinch\u00e9 il temolo prosperi. Anche la fascia fluviale che inizia dopo la fascia delle trote prende il nome dal temolo.<\/p>\n\n\n\n<p class=\"wp-block-paragraph\"><strong>Distribuzione:<\/strong><br>\u00c8 diffuso in Inghilterra, nella Scandinavia meridionale, nei fiumi che sfociano nel Mare del Nord e negli affluenti superiori del Volga. Nell&#8217;Europa centrale, \u00e8 diffuso in alcuni fiumi di Francia, Germania, Italia settentrionale e in alcuni fiumi del bacino del Danubio.<\/p>\n\n\n\n<p class=\"wp-block-paragraph\"><strong>Minaccia:<\/strong><br>In Slovenia, si trova nel corso superiore di quasi tutti i fiumi e negli ultimi decenni \u00e8 scomparso solo dal Mura. L&#8217;unica ragione di una popolazione di temoli relativamente stabile \u00e8 il massiccio rilascio nei fiumi di giovani esemplari allevati negli allevamenti ittici. Nel suo ambiente naturale, \u00e8 maggiormente minacciato dall&#8217;inquinamento e dalla regolamentazione dei corsi d&#8217;acqua. \u00c8 un pesce estremamente interessante per la pesca sportiva, soprattutto a mosca, e ovunque la caccia sia consentita, \u00e8 protetto da una stagione venatoria, da una taglia minima di cattura, da un metodo di pesca e da un numero limitato di esemplari catturati.<\/p>\n","protected":false},"excerpt":{"rendered":"<p>Temolo \u2013 Thymallus thymallus Il temolo \u00e8 un pesce piuttosto insolito per la trota. Ha un corpo fortemente appiattito e un dorso convesso con una caratteristica pinna dorsale iridescente, lunga [&hellip;]<\/p>\n","protected":false},"author":2,"featured_media":0,"parent":0,"menu_order":0,"comment_status":"closed","ping_status":"closed","template":"","meta":{"_crdt_document":"","site-sidebar-layout":"default","site-content-layout":"","ast-site-content-layout":"default","site-content-style":"default","site-sidebar-style":"default","ast-global-header-display":"","ast-banner-title-visibility":"","ast-main-header-display":"","ast-hfb-above-header-display":"","ast-hfb-below-header-display":"","ast-hfb-mobile-header-display":"","site-post-title":"disabled","ast-breadcrumbs-content":"","ast-featured-img":"","footer-sml-layout":"","ast-disable-related-posts":"","theme-transparent-header-meta":"","adv-header-id-meta":"","stick-header-meta":"","header-above-stick-meta":"","header-main-stick-meta":"","header-below-stick-meta":"","astra-migrate-meta-layouts":"default","ast-page-background-enabled":"default","ast-page-background-meta":{"desktop":{"background-color":"var(--ast-global-color-5)","background-image":"","background-repeat":"repeat","background-position":"center center","background-size":"auto","background-attachment":"scroll","background-type":"","background-media":"","overlay-type":"","overlay-color":"","overlay-opacity":"","overlay-gradient":""},"tablet":{"background-color":"","background-image":"","background-repeat":"repeat","background-position":"center center","background-size":"auto","background-attachment":"scroll","background-type":"","background-media":"","overlay-type":"","overlay-color":"","overlay-opacity":"","overlay-gradient":""},"mobile":{"background-color":"","background-image":"","background-repeat":"repeat","background-position":"center center","background-size":"auto","background-attachment":"scroll","background-type":"","background-media":"","overlay-type":"","overlay-color":"","overlay-opacity":"","overlay-gradient":""}},"ast-content-background-meta":{"desktop":{"background-color":"var(--ast-global-color-4)","background-image":"","background-repeat":"repeat","background-position":"center center","background-size":"auto","background-attachment":"scroll","background-type":"","background-media":"","overlay-type":"","overlay-color":"","overlay-opacity":"","overlay-gradient":""},"tablet":{"background-color":"var(--ast-global-color-4)","background-image":"","background-repeat":"repeat","background-position":"center center","background-size":"auto","background-attachment":"scroll","background-type":"","background-media":"","overlay-type":"","overlay-color":"","overlay-opacity":"","overlay-gradient":""},"mobile":{"background-color":"var(--ast-global-color-4)","background-image":"","background-repeat":"repeat","background-position":"center center","background-size":"auto","background-attachment":"scroll","background-type":"","background-media":"","overlay-type":"","overlay-color":"","overlay-opacity":"","overlay-gradient":""}},"_kadence_starter_templates_imported_post":false,"_mc_calendar":[],"footnotes":""},"class_list":["post-672","page","type-page","status-publish","hentry"],"_links":{"self":[{"href":"https:\/\/rd-visoko.si\/index.php\/wp-json\/wp\/v2\/pages\/672","targetHints":{"allow":["GET"]}}],"collection":[{"href":"https:\/\/rd-visoko.si\/index.php\/wp-json\/wp\/v2\/pages"}],"about":[{"href":"https:\/\/rd-visoko.si\/index.php\/wp-json\/wp\/v2\/types\/page"}],"author":[{"embeddable":true,"href":"https:\/\/rd-visoko.si\/index.php\/wp-json\/wp\/v2\/users\/2"}],"replies":[{"embeddable":true,"href":"https:\/\/rd-visoko.si\/index.php\/wp-json\/wp\/v2\/comments?post=672"}],"version-history":[{"count":2,"href":"https:\/\/rd-visoko.si\/index.php\/wp-json\/wp\/v2\/pages\/672\/revisions"}],"predecessor-version":[{"id":726,"href":"https:\/\/rd-visoko.si\/index.php\/wp-json\/wp\/v2\/pages\/672\/revisions\/726"}],"wp:attachment":[{"href":"https:\/\/rd-visoko.si\/index.php\/wp-json\/wp\/v2\/media?parent=672"}],"curies":[{"name":"wp","href":"https:\/\/api.w.org\/{rel}","templated":true}]}}