{"id":675,"date":"2026-03-09T10:11:09","date_gmt":"2026-03-09T10:11:09","guid":{"rendered":"https:\/\/rd-visoko.si\/?page_id=675"},"modified":"2026-03-09T10:32:54","modified_gmt":"2026-03-09T10:32:54","slug":"klen-ita","status":"publish","type":"page","link":"https:\/\/rd-visoko.si\/index.php\/it\/klen-ita\/","title":{"rendered":"Klen ITA"},"content":{"rendered":"\n<figure class=\"wp-block-image size-full is-resized\"><img loading=\"lazy\" decoding=\"async\" width=\"339\" height=\"149\" src=\"https:\/\/rd-visoko.si\/wp-content\/uploads\/2026\/03\/klen-2.jpg\" alt=\"\" class=\"wp-image-578\" style=\"aspect-ratio:2.275301520713162;width:1039px;height:auto\" srcset=\"https:\/\/rd-visoko.si\/wp-content\/uploads\/2026\/03\/klen-2.jpg 339w, https:\/\/rd-visoko.si\/wp-content\/uploads\/2026\/03\/klen-2-300x132.jpg 300w\" sizes=\"auto, (max-width: 339px) 100vw, 339px\" \/><\/figure>\n\n\n\n<p class=\"has-large-font-size wp-block-paragraph\"><strong>Cavedano \u2013 Leuciscus cephalus cephalus<\/strong><\/p>\n\n\n\n<p class=\"wp-block-paragraph\">Il cavedano ha un corpo cilindrico e fusiforme, ricoperto da grandi squame bordate di nero. La testa \u00e8 piatta, con fronte ampia e bocca grande, terminale e con labbra carnose. L&#8217;apertura boccale raggiunge l&#8217;ultima narice. I denti faringei sono disposti su due file. Il cavedano ha il dorso grigio-verde, i fianchi sono di colore da argento a giallo dorato e il ventre \u00e8 bianco. Le pinne dorsale e caudale sono scure, le pinne pettorali sono scure con una sfumatura rossastra e le pinne pelviche e anale sono rossastre. Il cavedano \u00e8 caratterizzato da una pinna anale convessa, che lo distingue immediatamente dal cavedano comune. Il cavedano cresce in media 20-40 cm e raggiunge un&#8217;et\u00e0 di 7-10 anni. Gli esemplari pi\u00f9 vecchi catturati che sono stati censiti avevano anche 15-20 anni. Gli esemplari pi\u00f9 grandi catturati sono lunghi 60 cm e pesano 4 kg. Raggiunge la maturit\u00e0 sessuale a 3-4 anni di et\u00e0. La deposizione delle uova avviene da aprile a giugno. Durante questo periodo, i maschi sviluppano verruche riproduttive sulla testa e sul corpo. Per la deposizione delle uova scelgono zone ghiaiose poco profonde con forti correnti. La femmina depone 100.000-200.000 uova (45.000 uova\/kg), che si attaccano a rocce, pezzi di legno o piante e si schiudono dopo una settimana. Il cavedano si nutre di insetti e larve acquatici, molluschi, uova di pesce e talvolta piante. Anche gli adulti sono piscivori. Vivono in branchi in acque correnti con fondali e rive molto variegati e con forti correnti. Si trovano spesso anche in acque stagnanti pi\u00f9 grandi, ad esempio nel lago di Bohinj e nel lago di Cerknica. Lungo la costa finlandese, entrano persino in acque salmastre. In inverno migrano verso le parti pi\u00f9 profonde di fiumi e laghi e in primavera tornano nei corsi d&#8217;acqua meno profondi.<\/p>\n\n\n\n<p class=\"wp-block-paragraph\"><strong>Distribuzione:<\/strong><br>\u00c8 diffuso nelle acque di tutta Europa, ad eccezione della Scozia settentrionale, dell&#8217;Irlanda, della Scandinavia, dei bacini del Vardar e dell&#8217;Adriatico. Il suo areale si estende dal Mar Nero fino alle rive occidentali del Mar Caspio. In Slovenia, \u00e8 ampiamente distribuito in tutti i fiumi del bacino del Danubio. Si estende nella zona di trota, temolo, barbo e platessa.<\/p>\n\n\n\n<p class=\"wp-block-paragraph\"><strong>Minaccia:<\/strong><br>Il cavedano \u00e8 sensibile all&#8217;inquinamento organico ed \u00e8 minacciato principalmente dove le zone di riproduzione vengono distrutte a causa dell&#8217;inquinamento o delle normative. Non ci sono letti di ghiaia adatti nelle acque regolamentate. La protezione del cavedano risiede quindi solo nella protezione del biotopo o delle zone di riproduzione. \u00c8 protetto solo da restrizioni e permessi di caccia.<\/p>\n","protected":false},"excerpt":{"rendered":"<p>Cavedano \u2013 Leuciscus cephalus cephalus Il cavedano ha un corpo cilindrico e fusiforme, ricoperto da grandi squame bordate di nero. La testa \u00e8 piatta, con fronte ampia e bocca grande, [&hellip;]<\/p>\n","protected":false},"author":2,"featured_media":0,"parent":0,"menu_order":0,"comment_status":"closed","ping_status":"closed","template":"","meta":{"_crdt_document":"","site-sidebar-layout":"default","site-content-layout":"","ast-site-content-layout":"default","site-content-style":"default","site-sidebar-style":"default","ast-global-header-display":"","ast-banner-title-visibility":"","ast-main-header-display":"","ast-hfb-above-header-display":"","ast-hfb-below-header-display":"","ast-hfb-mobile-header-display":"","site-post-title":"disabled","ast-breadcrumbs-content":"","ast-featured-img":"","footer-sml-layout":"","ast-disable-related-posts":"","theme-transparent-header-meta":"","adv-header-id-meta":"","stick-header-meta":"","header-above-stick-meta":"","header-main-stick-meta":"","header-below-stick-meta":"","astra-migrate-meta-layouts":"default","ast-page-background-enabled":"default","ast-page-background-meta":{"desktop":{"background-color":"var(--ast-global-color-5)","background-image":"","background-repeat":"repeat","background-position":"center center","background-size":"auto","background-attachment":"scroll","background-type":"","background-media":"","overlay-type":"","overlay-color":"","overlay-opacity":"","overlay-gradient":""},"tablet":{"background-color":"","background-image":"","background-repeat":"repeat","background-position":"center center","background-size":"auto","background-attachment":"scroll","background-type":"","background-media":"","overlay-type":"","overlay-color":"","overlay-opacity":"","overlay-gradient":""},"mobile":{"background-color":"","background-image":"","background-repeat":"repeat","background-position":"center center","background-size":"auto","background-attachment":"scroll","background-type":"","background-media":"","overlay-type":"","overlay-color":"","overlay-opacity":"","overlay-gradient":""}},"ast-content-background-meta":{"desktop":{"background-color":"var(--ast-global-color-4)","background-image":"","background-repeat":"repeat","background-position":"center center","background-size":"auto","background-attachment":"scroll","background-type":"","background-media":"","overlay-type":"","overlay-color":"","overlay-opacity":"","overlay-gradient":""},"tablet":{"background-color":"var(--ast-global-color-4)","background-image":"","background-repeat":"repeat","background-position":"center center","background-size":"auto","background-attachment":"scroll","background-type":"","background-media":"","overlay-type":"","overlay-color":"","overlay-opacity":"","overlay-gradient":""},"mobile":{"background-color":"var(--ast-global-color-4)","background-image":"","background-repeat":"repeat","background-position":"center center","background-size":"auto","background-attachment":"scroll","background-type":"","background-media":"","overlay-type":"","overlay-color":"","overlay-opacity":"","overlay-gradient":""}},"_kadence_starter_templates_imported_post":false,"_mc_calendar":[],"footnotes":""},"class_list":["post-675","page","type-page","status-publish","hentry"],"_links":{"self":[{"href":"https:\/\/rd-visoko.si\/index.php\/wp-json\/wp\/v2\/pages\/675","targetHints":{"allow":["GET"]}}],"collection":[{"href":"https:\/\/rd-visoko.si\/index.php\/wp-json\/wp\/v2\/pages"}],"about":[{"href":"https:\/\/rd-visoko.si\/index.php\/wp-json\/wp\/v2\/types\/page"}],"author":[{"embeddable":true,"href":"https:\/\/rd-visoko.si\/index.php\/wp-json\/wp\/v2\/users\/2"}],"replies":[{"embeddable":true,"href":"https:\/\/rd-visoko.si\/index.php\/wp-json\/wp\/v2\/comments?post=675"}],"version-history":[{"count":2,"href":"https:\/\/rd-visoko.si\/index.php\/wp-json\/wp\/v2\/pages\/675\/revisions"}],"predecessor-version":[{"id":717,"href":"https:\/\/rd-visoko.si\/index.php\/wp-json\/wp\/v2\/pages\/675\/revisions\/717"}],"wp:attachment":[{"href":"https:\/\/rd-visoko.si\/index.php\/wp-json\/wp\/v2\/media?parent=675"}],"curies":[{"name":"wp","href":"https:\/\/api.w.org\/{rel}","templated":true}]}}