{"id":678,"date":"2026-03-09T10:13:40","date_gmt":"2026-03-09T10:13:40","guid":{"rendered":"https:\/\/rd-visoko.si\/?page_id=678"},"modified":"2026-03-09T10:13:42","modified_gmt":"2026-03-09T10:13:42","slug":"sarenke-deu","status":"publish","type":"page","link":"https:\/\/rd-visoko.si\/index.php\/de\/sarenke-deu\/","title":{"rendered":"\u0160arenke DEU"},"content":{"rendered":"\n<figure class=\"wp-block-image size-full is-resized\"><img loading=\"lazy\" decoding=\"async\" width=\"340\" height=\"141\" src=\"https:\/\/rd-visoko.si\/wp-content\/uploads\/2026\/03\/sarenka-3.jpg\" alt=\"\" class=\"wp-image-586\" style=\"aspect-ratio:2.4116147622741884;width:1020px;height:auto\" srcset=\"https:\/\/rd-visoko.si\/wp-content\/uploads\/2026\/03\/sarenka-3.jpg 340w, https:\/\/rd-visoko.si\/wp-content\/uploads\/2026\/03\/sarenka-3-300x124.jpg 300w\" sizes=\"auto, (max-width: 340px) 100vw, 340px\" \/><\/figure>\n\n\n\n<p class=\"has-large-font-size wp-block-paragraph\"><strong>\u0160arenka \u2013 Oncorhynchus mykiss<\/strong><\/p>\n\n\n\n<p class=\"wp-block-paragraph\">Die Regenbogenforelle \u00e4hnelt in Kopf und K\u00f6rperbau der Bachforelle. Ausgewachsene M\u00e4nnchen \u00e4hneln mit ihrem nach oben gebogenen Unterkiefer auch anderen Forellenm\u00e4nnchen. Die K\u00f6rperfarbe passt sich bis zu einem gewissen Grad der Umgebung an; sie kann dunkler oder sehr hell sein. Der R\u00fccken ist dunkler, grau bis br\u00e4unlich-gr\u00fcn, die Flanken sind heller und der Bauch hellgrau bis wei\u00dflich. Ein roter Streifen verl\u00e4uft entlang der Flanke vom Kopf bis zur Schwanzflosse und schimmert w\u00e4hrend des Laichens wundersch\u00f6n \u2013 daher der Name \u201eRegenbogenforelle\u201c. Sie hat winzige schwarze Punkte, die \u00fcber ihren ganzen K\u00f6rper und alle Flossen verteilt sind. Die Regenbogenforelle erreicht die Geschlechtsreife mit 2\u20133 Jahren. In ihrer Heimat wandert sie zum Laichen vom Meer ins S\u00fc\u00dfwasser oder verbringt ihr gesamtes Leben im S\u00fc\u00dfwasser. In Slowenien hingegen, wo sie sich nat\u00fcrlich fortpflanzt, bleibt sie ihr ganzes Leben lang dort und wandert nicht ab. In der Natur laicht die Regenbogenforelle von Februar bis April, in Fischzuchten bereits im Dezember oder sogar fr\u00fcher (Oktober). Das Weibchen legt 1600\u20132000 Eier pro Kilogramm K\u00f6rpergewicht. Die Eier sind gro\u00df und messen etwa 4,5 mm im Durchmesser. Die Regenbogenforelle ern\u00e4hrt sich wie andere Forellenarten, d. h. von kleinen Wasserwirbellosen, Insekten und gr\u00f6\u00dferen und kleineren Fischen. In ihrer nat\u00fcrlichen Heimat lebt sie in Schw\u00e4rmen in gr\u00f6\u00dferen Becken und tieferen Bereichen von Gew\u00e4ssern. In unserem Land bewohnt sie dieselben Gew\u00e4sser wie die Bachforelle, vertr\u00e4gt aber h\u00f6here Temperaturen und ist keine einheimische Art.<\/p>\n\n\n\n<p class=\"wp-block-paragraph\"><strong>Verbreitung: <\/strong><br>Die Regenbogenforelle stammt urspr\u00fcnglich aus Nordamerika. Sie lebt in Fl\u00fcssen, die in den Pazifik m\u00fcnden. Seit ihrer Ansiedlung in Europa, wohin sie 1880 von Kalifornien aus gelangte, hat sie sich in allen europ\u00e4ischen Gew\u00e4ssern verbreitet. Sie ist in fast allen slowenischen Gew\u00e4ssern verbreitet, wohin sie 1890 eingef\u00fchrt wurde. Ihr Bestand wird durch regelm\u00e4\u00dfige Besatzma\u00dfnahmen von Anglern f\u00fcr die Sportfischerei k\u00fcnstlich erhalten. Sie vermehrt sich auch in vielen Gew\u00e4ssern, in denen Angler sie einsetzen. Bisher stellt sie nirgendwo eine Gefahr oder Konkurrenz f\u00fcr andere Fische dar.<\/p>\n\n\n\n<p class=\"wp-block-paragraph\"><strong>Wirtschaft:<\/strong> <br>Aufgrund ihres schnellen Wachstums wird sie in Fischzuchtbetrieben in ganz Slowenien gez\u00fcchtet, sowohl f\u00fcr die Sportfischerei als auch f\u00fcr den menschlichen Verzehr. Unter allen Forellenarten ist sie die wirtschaftlich bedeutendste in unserem Land. Sie ist vor allem deshalb interessant f\u00fcr die Sportfischerei, weil sie sehr gefr\u00e4\u00dfig ist, zu jeder Tageszeit bei\u00dft und nicht w\u00e4hlerisch beim K\u00f6der ist.<\/p>\n","protected":false},"excerpt":{"rendered":"<p>\u0160arenka \u2013 Oncorhynchus mykiss Die Regenbogenforelle \u00e4hnelt in Kopf und K\u00f6rperbau der Bachforelle. Ausgewachsene M\u00e4nnchen \u00e4hneln mit ihrem nach oben gebogenen Unterkiefer auch anderen Forellenm\u00e4nnchen. Die K\u00f6rperfarbe passt sich bis [&hellip;]<\/p>\n","protected":false},"author":2,"featured_media":0,"parent":0,"menu_order":0,"comment_status":"closed","ping_status":"closed","template":"","meta":{"_crdt_document":"","site-sidebar-layout":"default","site-content-layout":"","ast-site-content-layout":"default","site-content-style":"default","site-sidebar-style":"default","ast-global-header-display":"","ast-banner-title-visibility":"","ast-main-header-display":"","ast-hfb-above-header-display":"","ast-hfb-below-header-display":"","ast-hfb-mobile-header-display":"","site-post-title":"disabled","ast-breadcrumbs-content":"","ast-featured-img":"","footer-sml-layout":"","ast-disable-related-posts":"","theme-transparent-header-meta":"","adv-header-id-meta":"","stick-header-meta":"","header-above-stick-meta":"","header-main-stick-meta":"","header-below-stick-meta":"","astra-migrate-meta-layouts":"default","ast-page-background-enabled":"default","ast-page-background-meta":{"desktop":{"background-color":"var(--ast-global-color-5)","background-image":"","background-repeat":"repeat","background-position":"center center","background-size":"auto","background-attachment":"scroll","background-type":"","background-media":"","overlay-type":"","overlay-color":"","overlay-opacity":"","overlay-gradient":""},"tablet":{"background-color":"","background-image":"","background-repeat":"repeat","background-position":"center center","background-size":"auto","background-attachment":"scroll","background-type":"","background-media":"","overlay-type":"","overlay-color":"","overlay-opacity":"","overlay-gradient":""},"mobile":{"background-color":"","background-image":"","background-repeat":"repeat","background-position":"center center","background-size":"auto","background-attachment":"scroll","background-type":"","background-media":"","overlay-type":"","overlay-color":"","overlay-opacity":"","overlay-gradient":""}},"ast-content-background-meta":{"desktop":{"background-color":"var(--ast-global-color-4)","background-image":"","background-repeat":"repeat","background-position":"center center","background-size":"auto","background-attachment":"scroll","background-type":"","background-media":"","overlay-type":"","overlay-color":"","overlay-opacity":"","overlay-gradient":""},"tablet":{"background-color":"var(--ast-global-color-4)","background-image":"","background-repeat":"repeat","background-position":"center center","background-size":"auto","background-attachment":"scroll","background-type":"","background-media":"","overlay-type":"","overlay-color":"","overlay-opacity":"","overlay-gradient":""},"mobile":{"background-color":"var(--ast-global-color-4)","background-image":"","background-repeat":"repeat","background-position":"center center","background-size":"auto","background-attachment":"scroll","background-type":"","background-media":"","overlay-type":"","overlay-color":"","overlay-opacity":"","overlay-gradient":""}},"_kadence_starter_templates_imported_post":false,"_mc_calendar":[],"footnotes":""},"class_list":["post-678","page","type-page","status-publish","hentry"],"_links":{"self":[{"href":"https:\/\/rd-visoko.si\/index.php\/wp-json\/wp\/v2\/pages\/678","targetHints":{"allow":["GET"]}}],"collection":[{"href":"https:\/\/rd-visoko.si\/index.php\/wp-json\/wp\/v2\/pages"}],"about":[{"href":"https:\/\/rd-visoko.si\/index.php\/wp-json\/wp\/v2\/types\/page"}],"author":[{"embeddable":true,"href":"https:\/\/rd-visoko.si\/index.php\/wp-json\/wp\/v2\/users\/2"}],"replies":[{"embeddable":true,"href":"https:\/\/rd-visoko.si\/index.php\/wp-json\/wp\/v2\/comments?post=678"}],"version-history":[{"count":1,"href":"https:\/\/rd-visoko.si\/index.php\/wp-json\/wp\/v2\/pages\/678\/revisions"}],"predecessor-version":[{"id":679,"href":"https:\/\/rd-visoko.si\/index.php\/wp-json\/wp\/v2\/pages\/678\/revisions\/679"}],"wp:attachment":[{"href":"https:\/\/rd-visoko.si\/index.php\/wp-json\/wp\/v2\/media?parent=678"}],"curies":[{"name":"wp","href":"https:\/\/api.w.org\/{rel}","templated":true}]}}