{"id":681,"date":"2026-03-09T10:15:24","date_gmt":"2026-03-09T10:15:24","guid":{"rendered":"https:\/\/rd-visoko.si\/?page_id=681"},"modified":"2026-03-09T10:49:04","modified_gmt":"2026-03-09T10:49:04","slug":"sulec-deu","status":"publish","type":"page","link":"https:\/\/rd-visoko.si\/index.php\/de\/sulec-deu\/","title":{"rendered":"Sulec DEU"},"content":{"rendered":"\n<figure class=\"wp-block-image size-full\"><img loading=\"lazy\" decoding=\"async\" width=\"1024\" height=\"450\" src=\"https:\/\/rd-visoko.si\/wp-content\/uploads\/2026\/03\/Sulec-1024x450-3.jpg\" alt=\"\" class=\"wp-image-587\" srcset=\"https:\/\/rd-visoko.si\/wp-content\/uploads\/2026\/03\/Sulec-1024x450-3.jpg 1024w, https:\/\/rd-visoko.si\/wp-content\/uploads\/2026\/03\/Sulec-1024x450-3-300x132.jpg 300w, https:\/\/rd-visoko.si\/wp-content\/uploads\/2026\/03\/Sulec-1024x450-3-768x338.jpg 768w\" sizes=\"auto, (max-width: 1024px) 100vw, 1024px\" \/><\/figure>\n\n\n\n<p class=\"has-large-font-size wp-block-paragraph\"><strong>Der Hecht<\/strong> <strong>\u2013 Hucho hucho<\/strong><\/p>\n\n\n\n<p class=\"wp-block-paragraph\">Der Hecht ist unser gr\u00f6\u00dfter Fisch aus der Forellenfamilie. Er hat einen ausgepr\u00e4gt spindelf\u00f6rmigen K\u00f6rper, einen gro\u00dfen Kopf und eine sehr gro\u00dfe Schnauze mit kr\u00e4ftigen Z\u00e4hnen. Der R\u00fccken ist graugr\u00fcn bis graubraun, die Flanken sind heller und schimmern kupferfarben, was bei M\u00e4nnchen w\u00e4hrend der Laichzeit und bei \u00e4lteren Tieren noch deutlicher wird. Der Bauch ist wei\u00dflich bis hell silbergrau. Die Flossen sind hell, schmutzig wei\u00df oder gr\u00e4ulich. R\u00fccken und Flanken sind mit seltenen und unregelm\u00e4\u00dfigen schwarzen Flecken \u00fcbers\u00e4t. Der Hecht erreicht die Geschlechtsreife im vierten bis f\u00fcnften Lebensjahr mit einer Gr\u00f6\u00dfe von etwa 65\u201370 cm. Er laicht von Oktober bis Mitte Februar. W\u00e4hrend des Laichens wandern die geschlechtsreifen Tiere in kleinere Zufl\u00fcsse, wo sie paarweise auf kiesigem Grund laichen. Das Weibchen gr\u00e4bt mit ihrer Schwanzflosse eine Grube, in die es seine Eier ablegt. Ausgewachsene Hechte ern\u00e4hren sich von Fischen, w\u00e4hrend Jungfische sesshafte Wirbellose und die Brut anderer Fische, insbesondere Lippfische, fressen. Wo gen\u00fcgend M\u00e4uler vorhanden waren, gab es fr\u00fcher viele Groppen, doch diese Situation ist heute durch zahlreiche negative Einfl\u00fcsse zerst\u00f6rt. Die Groppe besiedelt bereits die Bereiche von Flie\u00dfgew\u00e4ssern, wo die Forellenzone endet und die \u00c4schenzone beginnt, und ist in dieser Zone zunehmend h\u00e4ufiger anzutreffen, vermutlich aufgrund der Verschlechterung der Lebensbedingungen in anderen Abschnitten der Gew\u00e4sser. Junge Groppen leben einige Zeit in kleineren Zufl\u00fcssen und wandern mit zunehmendem Alter in gr\u00f6\u00dfere Gew\u00e4sser ab, wo ihre Eltern leben.<\/p>\n\n\n\n<p class=\"wp-block-paragraph\"><strong>Verbreitung:<\/strong> <br>Das Verbreitungsgebiet der Groppe ist das Donaubecken. In den letzten 20\u201330 Jahren wurde sie in einigen Gew\u00e4ssern Westeuropas eingef\u00fchrt, jedoch ohne Erfolg. Der Hecht bewohnt die Save Bohinjka, die Save, die Savinja, die Ljubljanica mit ihren Nebenfl\u00fcssen, die Sora, die Mirna, die Drau, die Krka, die Kolpa und ihre Nebenfl\u00fcsse. In den 1960er Jahren verschwand er vollst\u00e4ndig aus der Mur.<\/p>\n\n\n\n<p class=\"wp-block-paragraph\"><strong>Gef\u00e4hrdung: <\/strong><br>In vergangenen Jahrhunderten war der Hecht einer der begehrtesten Sportfische, weshalb er bereits in der Vergangenheit \u00fcberfischt wurde. Zus\u00e4tzlich wirken sich Staud\u00e4mme in den Oberl\u00e4ufen der Fl\u00fcsse, wo der Hecht fr\u00fcher am h\u00e4ufigsten vorkam, negativ aus. Die Verschlechterung der Wasserqualit\u00e4t hat einen gr\u00f6\u00dferen negativen Einfluss auf den Hecht als auf alle anderen Forellenarten.<br>Die wirksamste Schutzma\u00dfnahme ist der Schutz der Flussabschnitte, in denen die adulten Tiere ungest\u00f6rt leben k\u00f6nnen, sowie der Laichpl\u00e4tze. Der Hecht wird w\u00e4hrend des Laichens bereits durch geringste Wasserbewegungen gest\u00f6rt. Wo der Schutz des Biotops nicht m\u00f6glich ist, sind intensive Investitionen in k\u00fcnstliche Nachzuchten notwendig. Die Zucht verl\u00e4uft in unserem Land, wie auch in anderen Verbreitungsl\u00e4ndern, sehr erfolgreich. Wichtige Schutzma\u00dfnahmen sind die Jagdsaison, das Mindestma\u00df f\u00fcr die Jagd, die begrenzte Fangmenge und die eingeschr\u00e4nkten Fangmethoden. Der Hecht ist ein sehr interessanter Sportfisch.<\/p>\n","protected":false},"excerpt":{"rendered":"<p>Der Hecht \u2013 Hucho hucho Der Hecht ist unser gr\u00f6\u00dfter Fisch aus der Forellenfamilie. Er hat einen ausgepr\u00e4gt spindelf\u00f6rmigen K\u00f6rper, einen gro\u00dfen Kopf und eine sehr gro\u00dfe Schnauze mit kr\u00e4ftigen [&hellip;]<\/p>\n","protected":false},"author":2,"featured_media":0,"parent":0,"menu_order":0,"comment_status":"closed","ping_status":"closed","template":"","meta":{"_crdt_document":"","site-sidebar-layout":"default","site-content-layout":"","ast-site-content-layout":"default","site-content-style":"default","site-sidebar-style":"default","ast-global-header-display":"","ast-banner-title-visibility":"","ast-main-header-display":"","ast-hfb-above-header-display":"","ast-hfb-below-header-display":"","ast-hfb-mobile-header-display":"","site-post-title":"disabled","ast-breadcrumbs-content":"","ast-featured-img":"","footer-sml-layout":"","ast-disable-related-posts":"","theme-transparent-header-meta":"","adv-header-id-meta":"","stick-header-meta":"","header-above-stick-meta":"","header-main-stick-meta":"","header-below-stick-meta":"","astra-migrate-meta-layouts":"default","ast-page-background-enabled":"default","ast-page-background-meta":{"desktop":{"background-color":"var(--ast-global-color-5)","background-image":"","background-repeat":"repeat","background-position":"center center","background-size":"auto","background-attachment":"scroll","background-type":"","background-media":"","overlay-type":"","overlay-color":"","overlay-opacity":"","overlay-gradient":""},"tablet":{"background-color":"","background-image":"","background-repeat":"repeat","background-position":"center center","background-size":"auto","background-attachment":"scroll","background-type":"","background-media":"","overlay-type":"","overlay-color":"","overlay-opacity":"","overlay-gradient":""},"mobile":{"background-color":"","background-image":"","background-repeat":"repeat","background-position":"center center","background-size":"auto","background-attachment":"scroll","background-type":"","background-media":"","overlay-type":"","overlay-color":"","overlay-opacity":"","overlay-gradient":""}},"ast-content-background-meta":{"desktop":{"background-color":"var(--ast-global-color-4)","background-image":"","background-repeat":"repeat","background-position":"center center","background-size":"auto","background-attachment":"scroll","background-type":"","background-media":"","overlay-type":"","overlay-color":"","overlay-opacity":"","overlay-gradient":""},"tablet":{"background-color":"var(--ast-global-color-4)","background-image":"","background-repeat":"repeat","background-position":"center center","background-size":"auto","background-attachment":"scroll","background-type":"","background-media":"","overlay-type":"","overlay-color":"","overlay-opacity":"","overlay-gradient":""},"mobile":{"background-color":"var(--ast-global-color-4)","background-image":"","background-repeat":"repeat","background-position":"center center","background-size":"auto","background-attachment":"scroll","background-type":"","background-media":"","overlay-type":"","overlay-color":"","overlay-opacity":"","overlay-gradient":""}},"_kadence_starter_templates_imported_post":false,"_mc_calendar":[],"footnotes":""},"class_list":["post-681","page","type-page","status-publish","hentry"],"_links":{"self":[{"href":"https:\/\/rd-visoko.si\/index.php\/wp-json\/wp\/v2\/pages\/681","targetHints":{"allow":["GET"]}}],"collection":[{"href":"https:\/\/rd-visoko.si\/index.php\/wp-json\/wp\/v2\/pages"}],"about":[{"href":"https:\/\/rd-visoko.si\/index.php\/wp-json\/wp\/v2\/types\/page"}],"author":[{"embeddable":true,"href":"https:\/\/rd-visoko.si\/index.php\/wp-json\/wp\/v2\/users\/2"}],"replies":[{"embeddable":true,"href":"https:\/\/rd-visoko.si\/index.php\/wp-json\/wp\/v2\/comments?post=681"}],"version-history":[{"count":2,"href":"https:\/\/rd-visoko.si\/index.php\/wp-json\/wp\/v2\/pages\/681\/revisions"}],"predecessor-version":[{"id":732,"href":"https:\/\/rd-visoko.si\/index.php\/wp-json\/wp\/v2\/pages\/681\/revisions\/732"}],"wp:attachment":[{"href":"https:\/\/rd-visoko.si\/index.php\/wp-json\/wp\/v2\/media?parent=681"}],"curies":[{"name":"wp","href":"https:\/\/api.w.org\/{rel}","templated":true}]}}