{"id":686,"date":"2026-03-09T10:18:30","date_gmt":"2026-03-09T10:18:30","guid":{"rendered":"https:\/\/rd-visoko.si\/?page_id=686"},"modified":"2026-03-09T10:42:43","modified_gmt":"2026-03-09T10:42:43","slug":"lipan-deu","status":"publish","type":"page","link":"https:\/\/rd-visoko.si\/index.php\/de\/lipan-deu\/","title":{"rendered":"Lipan DEU"},"content":{"rendered":"\n<figure class=\"wp-block-image size-full is-resized\"><img loading=\"lazy\" decoding=\"async\" width=\"339\" height=\"149\" src=\"https:\/\/rd-visoko.si\/wp-content\/uploads\/2026\/03\/lipan-3.jpg\" alt=\"\" class=\"wp-image-590\" style=\"aspect-ratio:2.275301520713162;width:1038px;height:auto\" srcset=\"https:\/\/rd-visoko.si\/wp-content\/uploads\/2026\/03\/lipan-3.jpg 339w, https:\/\/rd-visoko.si\/wp-content\/uploads\/2026\/03\/lipan-3-300x132.jpg 300w\" sizes=\"auto, (max-width: 339px) 100vw, 339px\" \/><\/figure>\n\n\n\n<p class=\"has-large-font-size wp-block-paragraph\"><strong>Die \u00c4sche<\/strong> <strong>\u2013 Thymallus thymallus<\/strong><\/p>\n\n\n\n<p class=\"wp-block-paragraph\">Die \u00c4sche ist ein eher ungew\u00f6hnlicher Fisch im Vergleich zu Forellen. Sie hat einen stark abgeflachten K\u00f6rper und einen gew\u00f6lbten R\u00fccken mit einer charakteristischen, schillernden, langen und hohen R\u00fcckenflosse. Der Kopf der \u00c4sche ist klein mit einem kleinen, vorstehenden Maul mit weichen Lippen. Der K\u00f6rper ist orange-silbern und mit relativ gro\u00dfen, in geraden Reihen angeordneten Schuppen bedeckt. Der vordere Teil des K\u00f6rpers weist kleinere und weniger kontrastierende Flecken auf. Der R\u00fccken dieser Fische ist gr\u00fcnlich-braun, der Bauch silbrig-gelb. \u00c4schen erreichen im Durchschnitt eine L\u00e4nge von 25 bis 35 cm, k\u00f6nnen aber ausnahmsweise bis zu 63 cm und ein Gewicht von 6,7 kg erreichen. Sie werden im dritten oder vierten Lebensjahr geschlechtsreif und laichen im M\u00e4rz und April auf Kiesgrund. Das M\u00e4nnchen gr\u00e4bt mit seiner Schwanzflosse ein Loch in den Sand, in das das Weibchen 3.000 bis 6.000, ausnahmsweise bis zu 10.000 Eier legt. Die Hauptnahrung der \u00c4sche besteht aus Wasserinsekten und Insekten, die sie von der Wasseroberfl\u00e4che aufpickt, sowie aus verschiedenen bodenlebenden Wirbellosen, Eiern und dem Nachwuchs anderer Fische. Die \u00c4sche lebt in sauberen und kalten Flussabschnitten mit starker Str\u00f6mung und ist auch in kalten Bergseen anzutreffen, deren Wassertemperatur im Sommer 20 \u00b0C nicht \u00fcbersteigt. F\u00fcr ihr \u00dcberleben ben\u00f6tigt sie zudem ausreichend Sauerstoff im Wasser. Der Flussg\u00fcrtel, der nach dem Forelleng\u00fcrtel beginnt, ist ebenfalls nach der \u00c4sche benannt.<\/p>\n\n\n\n<p class=\"wp-block-paragraph\"><strong>Verbreitung: <\/strong><br>Die \u00c4sche ist in England, S\u00fcdschweden, in Fl\u00fcssen, die in die Nordsee m\u00fcnden, und in den Oberl\u00e4ufen der Wolga weit verbreitet. In Mitteleuropa kommt sie in einigen Fl\u00fcssen Frankreichs, Deutschlands, Norditaliens und einigen Fl\u00fcssen des Donaubeckens vor.<\/p>\n\n\n\n<p class=\"wp-block-paragraph\"><strong>Gef\u00e4hrdung: <\/strong><br>In Slowenien ist die \u00c4sche in den Oberl\u00e4ufen fast aller Fl\u00fcsse anzutreffen; in den letzten Jahrzehnten ist sie lediglich aus der Mur verschwunden. Der relativ stabile \u00c4schenbestand ist lediglich auf das massenhafte Aussetzen von in Fischzuchten aufgezogenen Jungfischen in Fl\u00fcssen zur\u00fcckzuf\u00fchren. In ihrem nat\u00fcrlichen Lebensraum ist die \u00c4sche vor allem durch Verschmutzung und Regulierung der Gew\u00e4sser bedroht. Sie ist ein \u00e4u\u00dferst interessanter Fisch f\u00fcr die Sportfischerei, insbesondere f\u00fcr das Fliegenfischen, und wird \u00fcberall dort, wo die Jagd erlaubt ist, durch Jagdsaison, Mindestfanggr\u00f6\u00dfe, Fangmethoden und Fangbegrenzungen gesch\u00fctzt.<\/p>\n","protected":false},"excerpt":{"rendered":"<p>Die \u00c4sche \u2013 Thymallus thymallus Die \u00c4sche ist ein eher ungew\u00f6hnlicher Fisch im Vergleich zu Forellen. Sie hat einen stark abgeflachten K\u00f6rper und einen gew\u00f6lbten R\u00fccken mit einer charakteristischen, schillernden, [&hellip;]<\/p>\n","protected":false},"author":2,"featured_media":0,"parent":0,"menu_order":0,"comment_status":"closed","ping_status":"closed","template":"","meta":{"_crdt_document":"","site-sidebar-layout":"default","site-content-layout":"","ast-site-content-layout":"default","site-content-style":"default","site-sidebar-style":"default","ast-global-header-display":"","ast-banner-title-visibility":"","ast-main-header-display":"","ast-hfb-above-header-display":"","ast-hfb-below-header-display":"","ast-hfb-mobile-header-display":"","site-post-title":"disabled","ast-breadcrumbs-content":"","ast-featured-img":"","footer-sml-layout":"","ast-disable-related-posts":"","theme-transparent-header-meta":"","adv-header-id-meta":"","stick-header-meta":"","header-above-stick-meta":"","header-main-stick-meta":"","header-below-stick-meta":"","astra-migrate-meta-layouts":"default","ast-page-background-enabled":"default","ast-page-background-meta":{"desktop":{"background-color":"var(--ast-global-color-5)","background-image":"","background-repeat":"repeat","background-position":"center center","background-size":"auto","background-attachment":"scroll","background-type":"","background-media":"","overlay-type":"","overlay-color":"","overlay-opacity":"","overlay-gradient":""},"tablet":{"background-color":"","background-image":"","background-repeat":"repeat","background-position":"center center","background-size":"auto","background-attachment":"scroll","background-type":"","background-media":"","overlay-type":"","overlay-color":"","overlay-opacity":"","overlay-gradient":""},"mobile":{"background-color":"","background-image":"","background-repeat":"repeat","background-position":"center center","background-size":"auto","background-attachment":"scroll","background-type":"","background-media":"","overlay-type":"","overlay-color":"","overlay-opacity":"","overlay-gradient":""}},"ast-content-background-meta":{"desktop":{"background-color":"var(--ast-global-color-4)","background-image":"","background-repeat":"repeat","background-position":"center center","background-size":"auto","background-attachment":"scroll","background-type":"","background-media":"","overlay-type":"","overlay-color":"","overlay-opacity":"","overlay-gradient":""},"tablet":{"background-color":"var(--ast-global-color-4)","background-image":"","background-repeat":"repeat","background-position":"center center","background-size":"auto","background-attachment":"scroll","background-type":"","background-media":"","overlay-type":"","overlay-color":"","overlay-opacity":"","overlay-gradient":""},"mobile":{"background-color":"var(--ast-global-color-4)","background-image":"","background-repeat":"repeat","background-position":"center center","background-size":"auto","background-attachment":"scroll","background-type":"","background-media":"","overlay-type":"","overlay-color":"","overlay-opacity":"","overlay-gradient":""}},"_kadence_starter_templates_imported_post":false,"_mc_calendar":[],"footnotes":""},"class_list":["post-686","page","type-page","status-publish","hentry"],"_links":{"self":[{"href":"https:\/\/rd-visoko.si\/index.php\/wp-json\/wp\/v2\/pages\/686","targetHints":{"allow":["GET"]}}],"collection":[{"href":"https:\/\/rd-visoko.si\/index.php\/wp-json\/wp\/v2\/pages"}],"about":[{"href":"https:\/\/rd-visoko.si\/index.php\/wp-json\/wp\/v2\/types\/page"}],"author":[{"embeddable":true,"href":"https:\/\/rd-visoko.si\/index.php\/wp-json\/wp\/v2\/users\/2"}],"replies":[{"embeddable":true,"href":"https:\/\/rd-visoko.si\/index.php\/wp-json\/wp\/v2\/comments?post=686"}],"version-history":[{"count":2,"href":"https:\/\/rd-visoko.si\/index.php\/wp-json\/wp\/v2\/pages\/686\/revisions"}],"predecessor-version":[{"id":724,"href":"https:\/\/rd-visoko.si\/index.php\/wp-json\/wp\/v2\/pages\/686\/revisions\/724"}],"wp:attachment":[{"href":"https:\/\/rd-visoko.si\/index.php\/wp-json\/wp\/v2\/media?parent=686"}],"curies":[{"name":"wp","href":"https:\/\/api.w.org\/{rel}","templated":true}]}}