{"id":690,"date":"2026-03-09T10:19:42","date_gmt":"2026-03-09T10:19:42","guid":{"rendered":"https:\/\/rd-visoko.si\/?page_id=690"},"modified":"2026-03-09T10:41:54","modified_gmt":"2026-03-09T10:41:54","slug":"klen-deu","status":"publish","type":"page","link":"https:\/\/rd-visoko.si\/index.php\/de\/klen-deu\/","title":{"rendered":"Klen DEU"},"content":{"rendered":"\n<figure class=\"wp-block-image size-full is-resized\"><img loading=\"lazy\" decoding=\"async\" width=\"339\" height=\"149\" src=\"https:\/\/rd-visoko.si\/wp-content\/uploads\/2026\/03\/klen-3.jpg\" alt=\"\" class=\"wp-image-591\" style=\"aspect-ratio:2.275301520713162;width:1125px;height:auto\" srcset=\"https:\/\/rd-visoko.si\/wp-content\/uploads\/2026\/03\/klen-3.jpg 339w, https:\/\/rd-visoko.si\/wp-content\/uploads\/2026\/03\/klen-3-300x132.jpg 300w\" sizes=\"auto, (max-width: 339px) 100vw, 339px\" \/><\/figure>\n\n\n\n<p class=\"has-large-font-size wp-block-paragraph\"><strong>Der D\u00f6bel \u2013 Leuciscus cephalus cephalus<\/strong><\/p>\n\n\n\n<p class=\"wp-block-paragraph\">Der D\u00f6bel hat einen spindelf\u00f6rmigen, zylindrischen K\u00f6rper, der mit gro\u00dfen, schwarz umrandeten Schuppen bedeckt ist. Der Kopf ist flach mit einer breiten Stirn und einem gro\u00dfen, endst\u00e4ndigen Maul mit fleischigen Lippen. Die Maul\u00f6ffnung reicht bis zum letzten Nasenloch. Die Schlundz\u00e4hne sind zweireihig angeordnet. Der R\u00fccken des D\u00f6bels ist graugr\u00fcn, die Flanken sind silber- bis goldgelb und der Bauch wei\u00df. R\u00fccken- und Schwanzflosse sind dunkel, die Brustflossen dunkel mit einem r\u00f6tlichen Schimmer und die Bauch- und Afterflossen r\u00f6tlich. Charakteristisch f\u00fcr den D\u00f6bel ist seine gew\u00f6lbte Afterflosse, die ihn deutlich vom D\u00f6bel unterscheidet. Der D\u00f6bel erreicht eine durchschnittliche L\u00e4nge von 20\u201340 cm und ein Alter von 7\u201310 Jahren. Die \u00e4ltesten gefangenen Exemplare waren 15\u201320 Jahre alt. Die gr\u00f6\u00dften gefangenen Exemplare erreichten eine L\u00e4nge von 60 cm und ein Gewicht von 4 kg. Die Geschlechtsreife wird er mit 3\u20134 Jahren. Die Laichzeit erstreckt sich von April bis Juni. W\u00e4hrend dieser Zeit entwickeln die M\u00e4nnchen Laichwarzen an Kopf und K\u00f6rper. Sie suchen sich zum Laichen flache Kiesgebiete mit starker Str\u00f6mung aus. Das Weibchen legt 100.000 bis 200.000 Eier (45.000 Eier\/kg), die an Steinen, Holzst\u00fccken oder Pflanzen haften bleiben und nach einer Woche schl\u00fcpfen. Die D\u00f6bel ern\u00e4hren sich von Wasserinsekten und -larven, Weichtieren, Fischeiern und gelegentlich auch von Pflanzen. Ausgewachsene D\u00f6bel sind zudem Fischfresser. Sie leben in Schw\u00e4rmen in Flie\u00dfgew\u00e4ssern mit abwechslungsreichem Grund und Ufern sowie starker Str\u00f6mung. Man findet sie auch h\u00e4ufig in gr\u00f6\u00dferen stehenden Gew\u00e4ssern, beispielsweise im Bohinjer See und im Cerknica-See. Entlang der finnischen K\u00fcste dringen sie sogar in Brackwasser vor. Im Winter wandern sie in tiefere Bereiche von Fl\u00fcssen und Seen, im Fr\u00fchjahr kehren sie in flachere B\u00e4che zur\u00fcck.<\/p>\n\n\n\n<p class=\"wp-block-paragraph\"><strong>Verbreitung: <\/strong><br>Die D\u00f6belart ist in den Gew\u00e4ssern ganz Europas weit verbreitet, mit Ausnahme von Nordschottland, Irland, Skandinavien sowie den Becken von Vardar und der Adria. Ihr Verbreitungsgebiet erstreckt sich \u00fcber das Schwarze Meer bis zu den Westk\u00fcsten des Kaspischen Meeres. In Slowenien ist sie in allen Fl\u00fcssen des Donaubeckens weit verbreitet. Sie kommt auch in Gebieten vor, in denen Forelle, \u00c4sche, Barbe und Scholle vorkommen.<\/p>\n\n\n\n<p class=\"wp-block-paragraph\"><strong>Gef\u00e4hrdung: <\/strong><br>Die D\u00f6belart reagiert empfindlich auf organische Verschmutzung und ist vor allem dort gef\u00e4hrdet, wo Laichpl\u00e4tze durch Verschmutzung oder beh\u00f6rdliche Auflagen zerst\u00f6rt werden. In regulierten Gew\u00e4ssern gibt es keine geeigneten Kiesb\u00e4nke. Der Schutz der D\u00f6belart liegt daher ausschlie\u00dflich im Schutz des Biotops bzw. der Laichpl\u00e4tze. Sie wird lediglich durch Jagdbeschr\u00e4nkungen und Jagderlaubnisse gesch\u00fctzt.<\/p>\n","protected":false},"excerpt":{"rendered":"<p>Der D\u00f6bel \u2013 Leuciscus cephalus cephalus Der D\u00f6bel hat einen spindelf\u00f6rmigen, zylindrischen K\u00f6rper, der mit gro\u00dfen, schwarz umrandeten Schuppen bedeckt ist. Der Kopf ist flach mit einer breiten Stirn und [&hellip;]<\/p>\n","protected":false},"author":2,"featured_media":0,"parent":0,"menu_order":0,"comment_status":"closed","ping_status":"closed","template":"","meta":{"_crdt_document":"","site-sidebar-layout":"default","site-content-layout":"","ast-site-content-layout":"default","site-content-style":"default","site-sidebar-style":"default","ast-global-header-display":"","ast-banner-title-visibility":"","ast-main-header-display":"","ast-hfb-above-header-display":"","ast-hfb-below-header-display":"","ast-hfb-mobile-header-display":"","site-post-title":"disabled","ast-breadcrumbs-content":"","ast-featured-img":"","footer-sml-layout":"","ast-disable-related-posts":"","theme-transparent-header-meta":"","adv-header-id-meta":"","stick-header-meta":"","header-above-stick-meta":"","header-main-stick-meta":"","header-below-stick-meta":"","astra-migrate-meta-layouts":"default","ast-page-background-enabled":"default","ast-page-background-meta":{"desktop":{"background-color":"var(--ast-global-color-5)","background-image":"","background-repeat":"repeat","background-position":"center center","background-size":"auto","background-attachment":"scroll","background-type":"","background-media":"","overlay-type":"","overlay-color":"","overlay-opacity":"","overlay-gradient":""},"tablet":{"background-color":"","background-image":"","background-repeat":"repeat","background-position":"center center","background-size":"auto","background-attachment":"scroll","background-type":"","background-media":"","overlay-type":"","overlay-color":"","overlay-opacity":"","overlay-gradient":""},"mobile":{"background-color":"","background-image":"","background-repeat":"repeat","background-position":"center center","background-size":"auto","background-attachment":"scroll","background-type":"","background-media":"","overlay-type":"","overlay-color":"","overlay-opacity":"","overlay-gradient":""}},"ast-content-background-meta":{"desktop":{"background-color":"var(--ast-global-color-4)","background-image":"","background-repeat":"repeat","background-position":"center center","background-size":"auto","background-attachment":"scroll","background-type":"","background-media":"","overlay-type":"","overlay-color":"","overlay-opacity":"","overlay-gradient":""},"tablet":{"background-color":"var(--ast-global-color-4)","background-image":"","background-repeat":"repeat","background-position":"center center","background-size":"auto","background-attachment":"scroll","background-type":"","background-media":"","overlay-type":"","overlay-color":"","overlay-opacity":"","overlay-gradient":""},"mobile":{"background-color":"var(--ast-global-color-4)","background-image":"","background-repeat":"repeat","background-position":"center center","background-size":"auto","background-attachment":"scroll","background-type":"","background-media":"","overlay-type":"","overlay-color":"","overlay-opacity":"","overlay-gradient":""}},"_kadence_starter_templates_imported_post":false,"_mc_calendar":[],"footnotes":""},"class_list":["post-690","page","type-page","status-publish","hentry"],"_links":{"self":[{"href":"https:\/\/rd-visoko.si\/index.php\/wp-json\/wp\/v2\/pages\/690","targetHints":{"allow":["GET"]}}],"collection":[{"href":"https:\/\/rd-visoko.si\/index.php\/wp-json\/wp\/v2\/pages"}],"about":[{"href":"https:\/\/rd-visoko.si\/index.php\/wp-json\/wp\/v2\/types\/page"}],"author":[{"embeddable":true,"href":"https:\/\/rd-visoko.si\/index.php\/wp-json\/wp\/v2\/users\/2"}],"replies":[{"embeddable":true,"href":"https:\/\/rd-visoko.si\/index.php\/wp-json\/wp\/v2\/comments?post=690"}],"version-history":[{"count":3,"href":"https:\/\/rd-visoko.si\/index.php\/wp-json\/wp\/v2\/pages\/690\/revisions"}],"predecessor-version":[{"id":723,"href":"https:\/\/rd-visoko.si\/index.php\/wp-json\/wp\/v2\/pages\/690\/revisions\/723"}],"wp:attachment":[{"href":"https:\/\/rd-visoko.si\/index.php\/wp-json\/wp\/v2\/media?parent=690"}],"curies":[{"name":"wp","href":"https:\/\/api.w.org\/{rel}","templated":true}]}}